{"id":2404,"date":"2024-10-08T10:28:32","date_gmt":"2024-10-08T10:28:32","guid":{"rendered":"https:\/\/herster.pl\/?page_id=2404"},"modified":"2024-10-08T12:09:49","modified_gmt":"2024-10-08T12:09:49","slug":"%d0%b0%d1%83%d0%b4%d0%b8%d1%82%d1%8b-%d0%b8-%d0%ba%d0%b0%d0%b4%d1%80%d0%be%d0%b2%d1%8b%d0%b9-%d0%ba%d0%be%d0%bd%d1%81%d0%b0%d0%bb%d1%82%d0%b8%d0%bd%d0%b3","status":"publish","type":"page","link":"https:\/\/herster.pl\/ru\/%d0%b0%d1%83%d0%b4%d0%b8%d1%82%d1%8b-%d0%b8-%d0%ba%d0%b0%d0%b4%d1%80%d0%be%d0%b2%d1%8b%d0%b9-%d0%ba%d0%be%d0%bd%d1%81%d0%b0%d0%bb%d1%82%d0%b8%d0%bd%d0%b3\/","title":{"rendered":"\u0410\u0443\u0434\u0438\u0442\u044b \u0438 \u043a\u0430\u0434\u0440\u043e\u0432\u044b\u0439 \u043a\u043e\u043d\u0441\u0430\u043b\u0442\u0438\u043d\u0433"},"content":{"rendered":"\n<p>\u041c\u044b \u043f\u0440\u043e\u0432\u043e\u0434\u0438\u043c \u0430\u0443\u0434\u0438\u0442\u044b, \u0442\u0440\u0435\u043d\u0438\u043d\u0433\u0438 \u0438 \u043a\u043e\u043d\u0441\u0443\u043b\u044c\u0442\u0438\u0440\u0443\u0435\u043c \u043f\u043e \u0441\u043b\u0435\u0434\u0443\u044e\u0449\u0438\u043c \u043d\u0430\u043f\u0440\u0430\u0432\u043b\u0435\u043d\u0438\u044f\u043c:<\/p>\n\n\n\n<ul class=\"wp-block-list\">\n<li>\u041b\u0435\u0433\u0430\u043b\u0438\u0437\u0430\u0446\u0438\u044f \u043f\u0440\u0435\u0431\u044b\u0432\u0430\u043d\u0438\u044f \u0438 \u0440\u0430\u0431\u043e\u0442\u044b \u0438\u043d\u043e\u0441\u0442\u0440\u0430\u043d\u0446\u0435\u0432 \u043d\u0430 \u0442\u0435\u0440\u0440\u0438\u0442\u043e\u0440\u0438\u0438 \u041f\u043e\u043b\u044c\u0448\u0438<\/li>\n\n\n\n<li>\u041f\u0440\u043e\u0432\u0435\u0440\u043a\u0430 \u0437\u0430\u0442\u0440\u0430\u0442 \u043d\u0430 \u0442\u0440\u0443\u0434\u043e\u0443\u0441\u0442\u0440\u043e\u0439\u0441\u0442\u0432\u043e<\/li>\n\n\n\n<li>\u041f\u043e\u043a\u0430\u0437\u0430\u0442\u0435\u043b\u0438 KPI<\/li>\n\n\n\n<li>\u0417\u0430\u0442\u0440\u0430\u0442\u044b \u043d\u0430 PFRON (\u0413\u043e\u0441\u0443\u0434\u0430\u0440\u0441\u0442\u0432\u0435\u043d\u043d\u044b\u0439 \u0444\u043e\u043d\u0434 \u0440\u0435\u0430\u0431\u0438\u043b\u0438\u0442\u0430\u0446\u0438\u0438 \u0438\u043d\u0432\u0430\u043b\u0438\u0434\u043e\u0432)<\/li>\n\n\n\n<li>\u0420\u0435\u043a\u0440\u0443\u0442\u0438\u043d\u0433 \u0438 \u043e\u0442\u0431\u043e\u0440 \u043f\u0435\u0440\u0441\u043e\u043d\u0430\u043b\u0430<\/li>\n\n\n\n<li>\u0410\u0443\u0442\u043f\u043b\u0435\u0439\u0441\u043c\u0435\u043d\u0442<\/li>\n\n\n\n<li>obrania w\u0142a\u015bciwego modelu biznesowego wsp\u00f3\u0142pracy z firmami dostarczaj\u0105cym personel<\/li>\n\n\n\n<li>kszta\u0142towania polityki personalnej firmy<\/li>\n\n\n\n<li>innym, z obszaru szeroko poj\u0119tego HR<\/li>\n<\/ul>\n\n\n\n<p><\/p>\n\n\n\n<p><\/p>\n","protected":false},"excerpt":{"rendered":"<p>\u041c\u044b \u043f\u0440\u043e\u0432\u043e\u0434\u0438\u043c \u0430\u0443\u0434\u0438\u0442\u044b, \u0442\u0440\u0435\u043d\u0438\u043d\u0433\u0438 \u0438 \u043a\u043e\u043d\u0441\u0443\u043b\u044c\u0442\u0438\u0440\u0443\u0435\u043c \u043f\u043e \u0441\u043b\u0435\u0434\u0443\u044e\u0449\u0438\u043c \u043d\u0430\u043f\u0440\u0430\u0432\u043b\u0435\u043d\u0438\u044f\u043c:<\/p>\n","protected":false},"author":1,"featured_media":0,"parent":0,"menu_order":0,"comment_status":"closed","ping_status":"closed","template":"page-template\/about-us-page.php","meta":{"site-sidebar-layout":"default","site-content-layout":"","ast-site-content-layout":"default","site-content-style":"default","site-sidebar-style":"default","ast-global-header-display":"","ast-banner-title-visibility":"","ast-main-header-display":"","ast-hfb-above-header-display":"","ast-hfb-below-header-display":"","ast-hfb-mobile-header-display":"","site-post-title":"","ast-breadcrumbs-content":"","ast-featured-img":"","footer-sml-layout":"","theme-transparent-header-meta":"","adv-header-id-meta":"","stick-header-meta":"","header-above-stick-meta":"","header-main-stick-meta":"","header-below-stick-meta":"","astra-migrate-meta-layouts":"set","ast-page-background-enabled":"default","ast-page-background-meta":{"desktop":{"background-color":"var(--ast-global-color-4)","background-image":"","background-repeat":"repeat","background-position":"center center","background-size":"auto","background-attachment":"scroll","background-type":"","background-media":"","overlay-type":"","overlay-color":"","overlay-opacity":"","overlay-gradient":""},"tablet":{"background-color":"","background-image":"","background-repeat":"repeat","background-position":"center center","background-size":"auto","background-attachment":"scroll","background-type":"","background-media":"","overlay-type":"","overlay-color":"","overlay-opacity":"","overlay-gradient":""},"mobile":{"background-color":"","background-image":"","background-repeat":"repeat","background-position":"center center","background-size":"auto","background-attachment":"scroll","background-type":"","background-media":"","overlay-type":"","overlay-color":"","overlay-opacity":"","overlay-gradient":""}},"ast-content-background-meta":{"desktop":{"background-color":"var(--ast-global-color-5)","background-image":"","background-repeat":"repeat","background-position":"center center","background-size":"auto","background-attachment":"scroll","background-type":"","background-media":"","overlay-type":"","overlay-color":"","overlay-opacity":"","overlay-gradient":""},"tablet":{"background-color":"var(--ast-global-color-5)","background-image":"","background-repeat":"repeat","background-position":"center center","background-size":"auto","background-attachment":"scroll","background-type":"","background-media":"","overlay-type":"","overlay-color":"","overlay-opacity":"","overlay-gradient":""},"mobile":{"background-color":"var(--ast-global-color-5)","background-image":"","background-repeat":"repeat","background-position":"center center","background-size":"auto","background-attachment":"scroll","background-type":"","background-media":"","overlay-type":"","overlay-color":"","overlay-opacity":"","overlay-gradient":""}},"footnotes":""},"class_list":["post-2404","page","type-page","status-publish","hentry"],"acf":[],"_links":{"self":[{"href":"https:\/\/herster.pl\/ru\/wp-json\/wp\/v2\/pages\/2404"}],"collection":[{"href":"https:\/\/herster.pl\/ru\/wp-json\/wp\/v2\/pages"}],"about":[{"href":"https:\/\/herster.pl\/ru\/wp-json\/wp\/v2\/types\/page"}],"author":[{"embeddable":true,"href":"https:\/\/herster.pl\/ru\/wp-json\/wp\/v2\/users\/1"}],"replies":[{"embeddable":true,"href":"https:\/\/herster.pl\/ru\/wp-json\/wp\/v2\/comments?post=2404"}],"version-history":[{"count":2,"href":"https:\/\/herster.pl\/ru\/wp-json\/wp\/v2\/pages\/2404\/revisions"}],"predecessor-version":[{"id":2518,"href":"https:\/\/herster.pl\/ru\/wp-json\/wp\/v2\/pages\/2404\/revisions\/2518"}],"wp:attachment":[{"href":"https:\/\/herster.pl\/ru\/wp-json\/wp\/v2\/media?parent=2404"}],"curies":[{"name":"wp","href":"https:\/\/api.w.org\/{rel}","templated":true}]}}