{"id":2387,"date":"2023-05-11T10:34:48","date_gmt":"2023-05-11T10:34:48","guid":{"rendered":"https:\/\/herster.pl\/privacy-policy\/"},"modified":"2024-10-08T10:07:17","modified_gmt":"2024-10-08T10:07:17","slug":"politica-de-privacidad-y-cookies","status":"publish","type":"page","link":"https:\/\/herster.pl\/es\/politica-de-privacidad-y-cookies\/","title":{"rendered":"Pol\u00edtica de privacidad y cookies"},"content":{"rendered":"\n<ol class=\"wp-block-list\">\n<li><strong>Informaci\u00f3n general<\/strong><\/li>\n<\/ol>\n\n\n\n<p>Esta pol\u00edtica se aplica al Servicio www, que opera bajo la direcci\u00f3n URL: herster.pl. El operador del servicio y el Administrador de datos personales es: Herster Sp. z o.o. con n\u00fameros: NIP: 6912547464 KRS: 0000831949, con sede en Plac Wolno\u015bci 4AB\/103, 59-220 Legnica. La direcci\u00f3n de contacto por correo electr\u00f3nico del operador es: <a>www@herster.pl<\/a>. El operador es el Administrador de tus datos personales en relaci\u00f3n con los datos proporcionados voluntariamente en el Servicio. El Servicio utiliza datos personales con los siguientes fines:<\/p>\n\n\n\n<ul class=\"wp-block-list\">\n<li>Atenci\u00f3n a consultas a trav\u00e9s del formulario.<\/li>\n\n\n\n<li>Presentaci\u00f3n de ofertas o informaci\u00f3n.<\/li>\n<\/ul>\n\n\n\n<p>El servicio realiza funciones de obtenci\u00f3n de informaci\u00f3n sobre los usuarios y su comportamiento de la siguiente manera:<\/p>\n\n\n\n<ul class=\"wp-block-list\">\n<li>A trav\u00e9s de datos introducidos voluntariamente en formularios, que son introducidos en los sistemas del Operador.<\/li>\n\n\n\n<li>A trav\u00e9s del almacenamiento de archivos cookies en los dispositivos finales (t\u00edpicamente \u00abcookies\u00bb).<\/li>\n<\/ul>\n\n\n\n<ol class=\"wp-block-list\" start=\"2\">\n<li><strong>M\u00e9todos seleccionados de protecci\u00f3n de datos aplicados por el Operador<\/strong><\/li>\n<\/ol>\n\n\n\n<p>Los lugares de inicio de sesi\u00f3n e introducci\u00f3n de datos personales est\u00e1n protegidos en la capa de transmisi\u00f3n (certificado SSL). Gracias a esto, los datos personales y los datos de inicio de sesi\u00f3n introducidos en la p\u00e1gina est\u00e1n encriptados en la computadora del usuario y solo pueden ser le\u00eddos en el servidor de destino. Los datos personales almacenados en la base de datos est\u00e1n encriptados de tal manera que solo el Operador que posee la clave puede leerlos. Gracias a esto, los datos est\u00e1n protegidos en caso de que se robe la base de datos del servidor. Las contrase\u00f1as de los usuarios se almacenan en forma de hash. La funci\u00f3n de hash funciona de manera unidireccional: no es posible revertir su funcionamiento, lo que representa el est\u00e1ndar actual en el almacenamiento de contrase\u00f1as de usuarios. El Operador cambia peri\u00f3dicamente sus contrase\u00f1as administrativas. Para proteger los datos, el Operador realiza copias de seguridad regularmente. Un elemento clave en la protecci\u00f3n de datos es la actualizaci\u00f3n regular de todo el software utilizado por el Operador para procesar datos personales, lo que significa, en particular, actualizaciones regulares de componentes de software.<\/p>\n\n\n\n<ol class=\"wp-block-list\" start=\"3\">\n<li><strong>Hosting<\/strong><\/li>\n<\/ol>\n\n\n\n<p>El servicio est\u00e1 alojado (t\u00e9cnicamente mantenido) en los servidores del operador: cyberFolks.pl. La empresa de hosting, para asegurar la fiabilidad t\u00e9cnica, lleva registros a nivel de servidor. Los registros pueden incluir:<\/p>\n\n\n\n<ul class=\"wp-block-list\">\n<li>recursos definidos por el identificador URL (direcciones de recursos solicitados: p\u00e1ginas, archivos),<\/li>\n\n\n\n<li>hora de llegada de la consulta,<\/li>\n\n\n\n<li>hora de env\u00edo de la respuesta,<\/li>\n\n\n\n<li>nombre de la estaci\u00f3n del cliente: identificaci\u00f3n realizada a trav\u00e9s del protocolo HTTP,<\/li>\n\n\n\n<li>informaci\u00f3n sobre errores ocurridos durante la realizaci\u00f3n de transacciones HTTP,<\/li>\n\n\n\n<li>direcci\u00f3n URL de la p\u00e1gina visitada anteriormente por el usuario (enlace referer), en caso de que el acceso al Servicio se haya realizado a trav\u00e9s de un enlace,<\/li>\n\n\n\n<li>informaci\u00f3n sobre el navegador del usuario,<\/li>\n\n\n\n<li>informaci\u00f3n sobre la direcci\u00f3n IP,<\/li>\n\n\n\n<li>informaci\u00f3n diagn\u00f3stica relacionada con el proceso de auto-pedido de servicios a trav\u00e9s de los registradores en la p\u00e1gina,<\/li>\n\n\n\n<li>informaci\u00f3n relacionada con la atenci\u00f3n del correo electr\u00f3nico dirigido al Operador y enviado por el Operador.<\/li>\n<\/ul>\n\n\n\n<ol class=\"wp-block-list\" start=\"4\">\n<li><strong>Tus derechos y informaci\u00f3n adicional sobre el uso de datos<\/strong><\/li>\n<\/ol>\n\n\n\n<p>En algunas situaciones, el Administrador tiene el derecho de transferir tus datos personales a otros destinatarios si es necesario para cumplir con el contrato celebrado contigo o para realizar las obligaciones que corresponden al Administrador. Esto se refiere a grupos de destinatarios como:<\/p>\n\n\n\n<ul class=\"wp-block-list\">\n<li>la empresa de hosting en base a la delegaci\u00f3n,<\/li>\n\n\n\n<li>operadores de soluciones de chat en l\u00ednea,<\/li>\n\n\n\n<li>empleados y colaboradores autorizados que utilizan los datos para llevar a cabo el prop\u00f3sito de operaci\u00f3n del sitio,<\/li>\n\n\n\n<li>empresas que prestan servicios de marketing en nombre del Administrador.<\/li>\n<\/ul>\n\n\n\n<p>Tus datos personales procesados por el Administrador no ser\u00e1n tratados por m\u00e1s tiempo del necesario para realizar las actividades relacionadas seg\u00fan las disposiciones separadas (por ejemplo, sobre contabilidad). En relaci\u00f3n con los datos de marketing, estos no ser\u00e1n procesados por m\u00e1s de 3 a\u00f1os. Tienes derecho a solicitar al Administrador:<\/p>\n\n\n\n<ul class=\"wp-block-list\">\n<li>acceso a los datos personales que te conciernen, su rectificaci\u00f3n, eliminaci\u00f3n, limitaci\u00f3n del tratamiento, as\u00ed como la portabilidad de los datos.<\/li>\n<\/ul>\n\n\n\n<p>Tienes derecho a presentar una objeci\u00f3n en relaci\u00f3n con el tratamiento mencionado en el punto 3.2 en contra del tratamiento de datos personales para llevar a cabo intereses leg\u00edtimos realizados por el Administrador, incluida la elaboraci\u00f3n de perfiles, siempre que el derecho de objeci\u00f3n no podr\u00e1 ser ejecutado en caso de que existan bases legalmente justificadas para el tratamiento que sean superiores a tus intereses, derechos y libertades, en particular el establecimiento, ejercicio o defensa de reclamaciones. Tienes derecho a presentar una queja ante el Presidente de la Oficina de Protecci\u00f3n de Datos Personales, ul. Stawki 2, 00-193 Varsovia. La provisi\u00f3n de datos personales es voluntaria, pero necesaria para la atenci\u00f3n del Servicio. En tu caso, pueden llevarse a cabo actividades relacionadas con la toma de decisiones automatizadas, incluida la elaboraci\u00f3n de perfiles, con el fin de proporcionar servicios en el marco del contrato celebrado y para llevar a cabo el marketing directo por parte del Administrador. Los datos personales no se transfieren a pa\u00edses terceros en el sentido de las disposiciones sobre protecci\u00f3n de datos personales. Esto significa que no los enviamos fuera del territorio de la Uni\u00f3n Europea.<\/p>\n\n\n\n<ol class=\"wp-block-list\" start=\"5\">\n<li><strong>Prop\u00f3sito del tratamiento de datos personales<\/strong><\/li>\n<\/ol>\n\n\n\n<p>Tus datos se procesan con el fin de gestionar eficazmente el proceso de reclutamiento y proporcionar servicios relacionados con el empleo.<\/p>\n\n\n\n<ul class=\"wp-block-list\">\n<li>Reclutamiento y selecci\u00f3n de candidatos: los datos personales que procesamos en nuestra agencia incluyen nombre, apellidos, fecha de nacimiento, n\u00famero de tel\u00e9fono, direcci\u00f3n de correo electr\u00f3nico, informaci\u00f3n sobre educaci\u00f3n, experiencia profesional y preferencias de empleo. Los datos personales se procesan con el fin de identificar candidatos potenciales para el trabajo y evaluar sus calificaciones y experiencia laboral. Se utilizan para analizar las necesidades de los clientes y ajustar eficazmente a los candidatos a las ofertas de trabajo disponibles.<\/li>\n\n\n\n<li>Gesti\u00f3n del proceso de contrataci\u00f3n: los datos personales se procesan con el fin de llevar la documentaci\u00f3n relacionada con el proceso de contrataci\u00f3n, incluida la celebraci\u00f3n de contratos laborales, la presentaci\u00f3n de informes de datos y el seguimiento de la historia laboral de los candidatos.<\/li>\n\n\n\n<li>Comunicaci\u00f3n con candidatos y clientes: los datos personales se utilizan para comunicarse con los candidatos sobre las ofertas de trabajo actuales, fechas de entrevistas y cualquier cambio relevante en el proceso de reclutamiento. Adem\u00e1s, los datos tambi\u00e9n se utilizan para contactar a los clientes en asuntos relacionados con sus necesidades de personal.<\/li>\n\n\n\n<li>Conformidad con la legislaci\u00f3n: el tratamiento de datos personales se lleva a cabo de acuerdo con las disposiciones legales aplicables, incluidas las disposiciones sobre protecci\u00f3n de datos personales y derecho laboral. Nos esforzamos por garantizar un nivel adecuado de protecci\u00f3n de datos personales y cumplir con los derechos de los candidatos y clientes en relaci\u00f3n con el tratamiento de sus datos.<\/li>\n<\/ul>\n\n\n\n<ol class=\"wp-block-list\" start=\"6\">\n<li><strong>Informaci\u00f3n en formularios<\/strong><\/li>\n<\/ol>\n\n\n\n<p>El Servicio recoge informaci\u00f3n proporcionada voluntariamente por el usuario, incluidos los datos personales, si se proporcionan. El Servicio puede registrar informaci\u00f3n sobre los par\u00e1metros de la conexi\u00f3n (marcador de tiempo, direcci\u00f3n IP). En algunos casos, el Servicio puede registrar informaci\u00f3n que facilite la asociaci\u00f3n de datos en el formulario con la direcci\u00f3n de correo electr\u00f3nico del usuario que completa el formulario. En este caso, la direcci\u00f3n de correo electr\u00f3nico del usuario aparece dentro de la URL de la p\u00e1gina que contiene el formulario. Los datos proporcionados en el formulario se procesan con el fin resultante de la funci\u00f3n espec\u00edfica del formulario, por ejemplo, para llevar a cabo el proceso de atenci\u00f3n a una solicitud de servicio o contacto comercial, registro de servicios, etc. En cada caso, el contexto y la descripci\u00f3n del formulario informan claramente sobre su prop\u00f3sito.<\/p>\n\n\n\n<ol class=\"wp-block-list\" start=\"7\">\n<li><strong>Registros del Administrador<\/strong><\/li>\n<\/ol>\n\n\n\n<p>La informaci\u00f3n sobre el comportamiento de los usuarios en el servicio puede ser registrada. Estos datos se utilizan para administrar el servicio.<\/p>\n\n\n\n<ol class=\"wp-block-list\" start=\"8\">\n<li><strong>T\u00e9cnicas de marketing relevantes<\/strong><\/li>\n<\/ol>\n\n\n\n<p>El Operador utiliza an\u00e1lisis estad\u00edstico del tr\u00e1fico en el sitio a trav\u00e9s de Google Analytics (Google Inc. con sede en EE. UU.). El Operador no transfiere datos personales a este operador, solo informaci\u00f3n anonimizada. El servicio se basa en el uso de cookies en el dispositivo final del usuario. En cuanto a la informaci\u00f3n sobre las preferencias del usuario recopiladas por la red publicitaria de Google, el usuario puede revisar y editar la informaci\u00f3n resultante de las cookies utilizando la herramienta: <a href=\"https:\/\/www.google.com\/ads\/preferences\/\">https:\/\/www.google.com\/ads\/preferences\/<\/a>. El Operador utiliza t\u00e9cnicas de remarketing que permiten adaptar los mensajes publicitarios al comportamiento del usuario en el sitio, lo que puede dar la ilusi\u00f3n de que se utilizan los datos personales del usuario para su seguimiento, pero en la pr\u00e1ctica no se transfiere ninguna informaci\u00f3n personal del Operador a los operadores publicitarios. La condici\u00f3n tecnol\u00f3gica para tales acciones es que la funci\u00f3n de cookies est\u00e9 activada. El Operador utiliza el p\u00edxel de Facebook. Esta tecnolog\u00eda permite que Facebook (Facebook Inc. con sede en EE. UU.) sepa que una persona registrada en \u00e9l est\u00e1 utilizando el Servicio. En este caso, se basa en los datos de los cuales Facebook es el administrador, el Operador no transfiere datos personales adicionales a Facebook. El servicio se basa en el uso de cookies en el dispositivo final del usuario.<\/p>\n\n\n\n<ol class=\"wp-block-list\" start=\"9\">\n<li><strong>Informaci\u00f3n sobre cookies<\/strong><\/li>\n<\/ol>\n\n\n\n<p>El Servicio utiliza cookies. Las cookies (t\u00edpicamente \u00abcookies\u00bb) son datos inform\u00e1ticos, en particular archivos de texto, que se almacenan en el dispositivo final del usuario del Servicio y est\u00e1n destinados al uso de las p\u00e1ginas web del Servicio. Las cookies generalmente contienen el nombre del sitio web del cual provienen, el tiempo de almacenamiento en el dispositivo final y un n\u00famero \u00fanico. La entidad que coloca cookies en el dispositivo final del usuario y tiene acceso a ellas es el operador del sitio web. Las cookies se utilizan para:<\/p>\n\n\n\n<ul class=\"wp-block-list\">\n<li>adaptar el contenido de las p\u00e1ginas del servicio a las preferencias del usuario y optimizar el uso de las p\u00e1ginas,<\/li>\n\n\n\n<li>crear estad\u00edsticas que ayuden a comprender c\u00f3mo los usuarios del servicio utilizan las p\u00e1ginas web, lo que permite mejorar su estructura y contenido,<\/li>\n\n\n\n<li>mantener la sesi\u00f3n del usuario (tras iniciar sesi\u00f3n), de modo que el usuario no tenga que ingresar su inicio de sesi\u00f3n y contrase\u00f1a en cada subp\u00e1gina del Servicio,<\/li>\n\n\n\n<li>dirigir anuncios m\u00e1s relevantes al usuario.<\/li>\n<\/ul>\n\n\n\n<p>Dentro del Servicio se utilizan dos tipos de cookies:<\/p>\n\n\n\n<ul class=\"wp-block-list\">\n<li><strong>Cookies de sesi\u00f3n<\/strong>: son cookies temporales que se almacenan en el dispositivo final del usuario hasta que el usuario cierra la ventana del navegador.<\/li>\n\n\n\n<li><strong>Cookies persistentes<\/strong>: se almacenan en el dispositivo final del usuario por el tiempo especificado en las cookies o hasta que se eliminen por el usuario.<\/li>\n<\/ul>\n\n\n\n<p>El usuario puede configurar el navegador de manera que se niegue a aceptar cookies o para que lo informe sobre su env\u00edo. El operador informa que las restricciones en el uso de cookies pueden afectar algunas de las funciones disponibles en el Servicio.<\/p>\n\n\n\n<p>Las cookies pueden ser utilizadas por redes publicitarias, en particular por Google, para mostrar anuncios adaptados a las preferencias del usuario. A estos fines, pueden almacenarse informaci\u00f3n sobre el historial de navegaci\u00f3n del usuario.<\/p>\n\n\n\n<p><strong>Cambios en la pol\u00edtica de cookies<\/strong><\/p>\n\n\n\n<p>La pol\u00edtica de cookies se puede cambiar a discreci\u00f3n del operador. Se recomienda que los usuarios revisen la pol\u00edtica con frecuencia. Cambios en la pol\u00edtica de cookies entran en vigencia desde el momento de su publicaci\u00f3n en el sitio.<\/p>\n\n\n\n<p><strong>\u00daltima actualizaci\u00f3n: 02.10.2023<\/strong><\/p>\n","protected":false},"excerpt":{"rendered":"<p>Esta pol\u00edtica se aplica al Servicio www, que opera bajo la direcci\u00f3n URL: herster.pl. El operador del servicio y el Administrador de datos personales es: Herster Sp. z o.o. con n\u00fameros: NIP: 6912547464 KRS: 0000831949, con sede en Plac Wolno\u015bci 4AB\/103, 59-220 Legnica. La direcci\u00f3n de contacto por correo electr\u00f3nico del operador es: www@herster.pl. El [&hellip;]<\/p>\n","protected":false},"author":1,"featured_media":0,"parent":0,"menu_order":0,"comment_status":"closed","ping_status":"closed","template":"","meta":{"site-sidebar-layout":"default","site-content-layout":"","ast-site-content-layout":"default","site-content-style":"default","site-sidebar-style":"default","ast-global-header-display":"","ast-banner-title-visibility":"","ast-main-header-display":"","ast-hfb-above-header-display":"","ast-hfb-below-header-display":"","ast-hfb-mobile-header-display":"","site-post-title":"","ast-breadcrumbs-content":"","ast-featured-img":"","footer-sml-layout":"","theme-transparent-header-meta":"","adv-header-id-meta":"","stick-header-meta":"","header-above-stick-meta":"","header-main-stick-meta":"","header-below-stick-meta":"","astra-migrate-meta-layouts":"set","ast-page-background-enabled":"default","ast-page-background-meta":{"desktop":{"background-color":"var(--ast-global-color-4)","background-image":"","background-repeat":"repeat","background-position":"center center","background-size":"auto","background-attachment":"scroll","background-type":"","background-media":"","overlay-type":"","overlay-color":"","overlay-opacity":"","overlay-gradient":""},"tablet":{"background-color":"","background-image":"","background-repeat":"repeat","background-position":"center center","background-size":"auto","background-attachment":"scroll","background-type":"","background-media":"","overlay-type":"","overlay-color":"","overlay-opacity":"","overlay-gradient":""},"mobile":{"background-color":"","background-image":"","background-repeat":"repeat","background-position":"center center","background-size":"auto","background-attachment":"scroll","background-type":"","background-media":"","overlay-type":"","overlay-color":"","overlay-opacity":"","overlay-gradient":""}},"ast-content-background-meta":{"desktop":{"background-color":"var(--ast-global-color-5)","background-image":"","background-repeat":"repeat","background-position":"center center","background-size":"auto","background-attachment":"scroll","background-type":"","background-media":"","overlay-type":"","overlay-color":"","overlay-opacity":"","overlay-gradient":""},"tablet":{"background-color":"var(--ast-global-color-5)","background-image":"","background-repeat":"repeat","background-position":"center center","background-size":"auto","background-attachment":"scroll","background-type":"","background-media":"","overlay-type":"","overlay-color":"","overlay-opacity":"","overlay-gradient":""},"mobile":{"background-color":"var(--ast-global-color-5)","background-image":"","background-repeat":"repeat","background-position":"center center","background-size":"auto","background-attachment":"scroll","background-type":"","background-media":"","overlay-type":"","overlay-color":"","overlay-opacity":"","overlay-gradient":""}},"footnotes":""},"class_list":["post-2387","page","type-page","status-publish","hentry"],"acf":[],"_links":{"self":[{"href":"https:\/\/herster.pl\/es\/wp-json\/wp\/v2\/pages\/2387"}],"collection":[{"href":"https:\/\/herster.pl\/es\/wp-json\/wp\/v2\/pages"}],"about":[{"href":"https:\/\/herster.pl\/es\/wp-json\/wp\/v2\/types\/page"}],"author":[{"embeddable":true,"href":"https:\/\/herster.pl\/es\/wp-json\/wp\/v2\/users\/1"}],"replies":[{"embeddable":true,"href":"https:\/\/herster.pl\/es\/wp-json\/wp\/v2\/comments?post=2387"}],"version-history":[{"count":1,"href":"https:\/\/herster.pl\/es\/wp-json\/wp\/v2\/pages\/2387\/revisions"}],"predecessor-version":[{"id":2395,"href":"https:\/\/herster.pl\/es\/wp-json\/wp\/v2\/pages\/2387\/revisions\/2395"}],"wp:attachment":[{"href":"https:\/\/herster.pl\/es\/wp-json\/wp\/v2\/media?parent=2387"}],"curies":[{"name":"wp","href":"https:\/\/api.w.org\/{rel}","templated":true}]}}