{"id":2067,"date":"2023-10-24T06:06:42","date_gmt":"2023-10-24T06:06:42","guid":{"rendered":"https:\/\/herster.pl\/legalizacja-pobytu-i-pracy-cudzoziemcow\/"},"modified":"2024-10-08T11:31:07","modified_gmt":"2024-10-08T11:31:07","slug":"legalizacion-de-estancia-y-trabajo-para-extranjeros","status":"publish","type":"page","link":"https:\/\/herster.pl\/es\/legalizacion-de-estancia-y-trabajo-para-extranjeros\/","title":{"rendered":"Legalizaci\u00f3n de estancia y trabajo para extranjeros"},"content":{"rendered":"\n<p>Ofrecemos un servicio integral para la legalizaci\u00f3n de la estancia y el trabajo de sus empleados, y tambi\u00e9n podemos realizar una auditor\u00eda de la legalidad de los extranjeros ya empleados en su empresa. Extendemos de manera eficiente los documentos que permiten a los extranjeros residir y trabajar legalmente en Polonia. Garantizamos plena seguridad jur\u00eddica respecto a la legalidad de la estancia y el trabajo de sus empleados.<\/p>\n\n\n\n<p>Al colaborar con nosotros, obtendr\u00e1:<\/p>\n\n\n\n<ul class=\"wp-block-list\">\n<li>Seguridad legal basada en muchos a\u00f1os de experiencia<\/li>\n\n\n\n<li>Apoyo y asesor\u00eda en cada etapa del procedimiento<\/li>\n\n\n\n<li>Control de los plazos de los documentos<\/li>\n\n\n\n<li>Informaci\u00f3n sobre los cambios actuales relacionados con la legalizaci\u00f3n de la estancia y el trabajo de los extranjeros<\/li>\n<\/ul>\n","protected":false},"excerpt":{"rendered":"<p>Ofrecemos un servicio integral para la legalizaci\u00f3n de la estancia y el trabajo de sus empleados, y tambi\u00e9n podemos realizar una auditor\u00eda de la legalidad de los extranjeros ya empleados en su empresa. Extendemos de manera eficiente los documentos que permiten a los extranjeros residir y trabajar legalmente en Polonia. Garantizamos plena seguridad jur\u00eddica respecto [&hellip;]<\/p>\n","protected":false},"author":1,"featured_media":0,"parent":0,"menu_order":0,"comment_status":"closed","ping_status":"closed","template":"page-template\/about-us-page.php","meta":{"site-sidebar-layout":"default","site-content-layout":"","ast-site-content-layout":"default","site-content-style":"default","site-sidebar-style":"default","ast-global-header-display":"","ast-banner-title-visibility":"","ast-main-header-display":"","ast-hfb-above-header-display":"","ast-hfb-below-header-display":"","ast-hfb-mobile-header-display":"","site-post-title":"","ast-breadcrumbs-content":"","ast-featured-img":"","footer-sml-layout":"","theme-transparent-header-meta":"","adv-header-id-meta":"","stick-header-meta":"","header-above-stick-meta":"","header-main-stick-meta":"","header-below-stick-meta":"","astra-migrate-meta-layouts":"set","ast-page-background-enabled":"default","ast-page-background-meta":{"desktop":{"background-color":"var(--ast-global-color-4)","background-image":"","background-repeat":"repeat","background-position":"center center","background-size":"auto","background-attachment":"scroll","background-type":"","background-media":"","overlay-type":"","overlay-color":"","overlay-opacity":"","overlay-gradient":""},"tablet":{"background-color":"","background-image":"","background-repeat":"repeat","background-position":"center center","background-size":"auto","background-attachment":"scroll","background-type":"","background-media":"","overlay-type":"","overlay-color":"","overlay-opacity":"","overlay-gradient":""},"mobile":{"background-color":"","background-image":"","background-repeat":"repeat","background-position":"center center","background-size":"auto","background-attachment":"scroll","background-type":"","background-media":"","overlay-type":"","overlay-color":"","overlay-opacity":"","overlay-gradient":""}},"ast-content-background-meta":{"desktop":{"background-color":"var(--ast-global-color-5)","background-image":"","background-repeat":"repeat","background-position":"center center","background-size":"auto","background-attachment":"scroll","background-type":"","background-media":"","overlay-type":"","overlay-color":"","overlay-opacity":"","overlay-gradient":""},"tablet":{"background-color":"var(--ast-global-color-5)","background-image":"","background-repeat":"repeat","background-position":"center center","background-size":"auto","background-attachment":"scroll","background-type":"","background-media":"","overlay-type":"","overlay-color":"","overlay-opacity":"","overlay-gradient":""},"mobile":{"background-color":"var(--ast-global-color-5)","background-image":"","background-repeat":"repeat","background-position":"center center","background-size":"auto","background-attachment":"scroll","background-type":"","background-media":"","overlay-type":"","overlay-color":"","overlay-opacity":"","overlay-gradient":""}},"footnotes":""},"class_list":["post-2067","page","type-page","status-publish","hentry"],"acf":[],"_links":{"self":[{"href":"https:\/\/herster.pl\/es\/wp-json\/wp\/v2\/pages\/2067"}],"collection":[{"href":"https:\/\/herster.pl\/es\/wp-json\/wp\/v2\/pages"}],"about":[{"href":"https:\/\/herster.pl\/es\/wp-json\/wp\/v2\/types\/page"}],"author":[{"embeddable":true,"href":"https:\/\/herster.pl\/es\/wp-json\/wp\/v2\/users\/1"}],"replies":[{"embeddable":true,"href":"https:\/\/herster.pl\/es\/wp-json\/wp\/v2\/comments?post=2067"}],"version-history":[{"count":4,"href":"https:\/\/herster.pl\/es\/wp-json\/wp\/v2\/pages\/2067\/revisions"}],"predecessor-version":[{"id":2466,"href":"https:\/\/herster.pl\/es\/wp-json\/wp\/v2\/pages\/2067\/revisions\/2466"}],"wp:attachment":[{"href":"https:\/\/herster.pl\/es\/wp-json\/wp\/v2\/media?parent=2067"}],"curies":[{"name":"wp","href":"https:\/\/api.w.org\/{rel}","templated":true}]}}