{"id":1970,"date":"2023-10-23T11:06:21","date_gmt":"2023-10-23T11:06:21","guid":{"rendered":"https:\/\/herster.pl\/%d0%bf%d1%80%d0%b0%d1%86%d1%8e%d0%b8%d1%82%d0%b5-%d0%b2-%d0%bf%d0%be%d0%bb%d1%8c%d1%89%d1%96\/"},"modified":"2024-10-06T18:46:41","modified_gmt":"2024-10-06T18:46:41","slug":"trabaja-en-polonia","status":"publish","type":"page","link":"https:\/\/herster.pl\/es\/trabaja-en-polonia\/","title":{"rendered":"Trabaja en Polonia"},"content":{"rendered":"\n<p>Si est\u00e1s buscando trabajo en Polonia, cont\u00e1ctanos. Ofrecemos trabajo con clientes verificados y confiables, una reubicaci\u00f3n segura, legal y r\u00e1pida a Polonia, asistencia de un coordinador en cada etapa del proceso de reclutamiento, alojamiento y atenci\u00f3n en el lugar en Polonia.<\/p>\n\n\n\n<p><strong>Contacto<\/strong>: WhatsApp &#8211; +48\u00a0789\u00a0183\u00a0601 \/ <a href=\"https:\/\/www.facebook.com\/herster.apt\">facebook<\/a><\/p>\n\n\n\n<p><\/p>\n\n\n\n<p><\/p>\n\n\n\n<p><\/p>\n\n\n\n<p><\/p>\n","protected":false},"excerpt":{"rendered":"<p>Si est\u00e1s buscando trabajo en Polonia, cont\u00e1ctanos. Ofrecemos trabajo con clientes verificados y confiables, una reubicaci\u00f3n segura, legal y r\u00e1pida a Polonia, asistencia de un coordinador en cada etapa del proceso de reclutamiento, alojamiento y atenci\u00f3n en el lugar en Polonia. Contacto: WhatsApp &#8211; +48\u00a0789\u00a0183\u00a0601 \/ facebook<\/p>\n","protected":false},"author":1,"featured_media":0,"parent":0,"menu_order":0,"comment_status":"closed","ping_status":"closed","template":"page-template\/about-us-page.php","meta":{"site-sidebar-layout":"default","site-content-layout":"","ast-site-content-layout":"default","site-content-style":"default","site-sidebar-style":"default","ast-global-header-display":"","ast-banner-title-visibility":"","ast-main-header-display":"","ast-hfb-above-header-display":"","ast-hfb-below-header-display":"","ast-hfb-mobile-header-display":"","site-post-title":"","ast-breadcrumbs-content":"","ast-featured-img":"","footer-sml-layout":"","theme-transparent-header-meta":"","adv-header-id-meta":"","stick-header-meta":"","header-above-stick-meta":"","header-main-stick-meta":"","header-below-stick-meta":"","astra-migrate-meta-layouts":"set","ast-page-background-enabled":"default","ast-page-background-meta":{"desktop":{"background-color":"var(--ast-global-color-4)","background-image":"","background-repeat":"repeat","background-position":"center center","background-size":"auto","background-attachment":"scroll","background-type":"","background-media":"","overlay-type":"","overlay-color":"","overlay-opacity":"","overlay-gradient":""},"tablet":{"background-color":"","background-image":"","background-repeat":"repeat","background-position":"center center","background-size":"auto","background-attachment":"scroll","background-type":"","background-media":"","overlay-type":"","overlay-color":"","overlay-opacity":"","overlay-gradient":""},"mobile":{"background-color":"","background-image":"","background-repeat":"repeat","background-position":"center center","background-size":"auto","background-attachment":"scroll","background-type":"","background-media":"","overlay-type":"","overlay-color":"","overlay-opacity":"","overlay-gradient":""}},"ast-content-background-meta":{"desktop":{"background-color":"var(--ast-global-color-5)","background-image":"","background-repeat":"repeat","background-position":"center center","background-size":"auto","background-attachment":"scroll","background-type":"","background-media":"","overlay-type":"","overlay-color":"","overlay-opacity":"","overlay-gradient":""},"tablet":{"background-color":"var(--ast-global-color-5)","background-image":"","background-repeat":"repeat","background-position":"center center","background-size":"auto","background-attachment":"scroll","background-type":"","background-media":"","overlay-type":"","overlay-color":"","overlay-opacity":"","overlay-gradient":""},"mobile":{"background-color":"var(--ast-global-color-5)","background-image":"","background-repeat":"repeat","background-position":"center center","background-size":"auto","background-attachment":"scroll","background-type":"","background-media":"","overlay-type":"","overlay-color":"","overlay-opacity":"","overlay-gradient":""}},"footnotes":""},"class_list":["post-1970","page","type-page","status-publish","hentry"],"acf":[],"_links":{"self":[{"href":"https:\/\/herster.pl\/es\/wp-json\/wp\/v2\/pages\/1970"}],"collection":[{"href":"https:\/\/herster.pl\/es\/wp-json\/wp\/v2\/pages"}],"about":[{"href":"https:\/\/herster.pl\/es\/wp-json\/wp\/v2\/types\/page"}],"author":[{"embeddable":true,"href":"https:\/\/herster.pl\/es\/wp-json\/wp\/v2\/users\/1"}],"replies":[{"embeddable":true,"href":"https:\/\/herster.pl\/es\/wp-json\/wp\/v2\/comments?post=1970"}],"version-history":[{"count":2,"href":"https:\/\/herster.pl\/es\/wp-json\/wp\/v2\/pages\/1970\/revisions"}],"predecessor-version":[{"id":1976,"href":"https:\/\/herster.pl\/es\/wp-json\/wp\/v2\/pages\/1970\/revisions\/1976"}],"wp:attachment":[{"href":"https:\/\/herster.pl\/es\/wp-json\/wp\/v2\/media?parent=1970"}],"curies":[{"name":"wp","href":"https:\/\/api.w.org\/{rel}","templated":true}]}}