{"id":1933,"date":"2023-10-23T09:48:04","date_gmt":"2023-10-23T09:48:04","guid":{"rendered":"https:\/\/herster.pl\/%d1%82%d0%b8%d0%bc%d1%87%d0%b0%d1%81%d0%be%d0%b2%d0%b0-%d1%80%d0%be%d0%b1%d0%be%d1%82%d0%b0\/"},"modified":"2024-10-06T18:14:59","modified_gmt":"2024-10-06T18:14:59","slug":"trabajo-temporal","status":"publish","type":"page","link":"https:\/\/herster.pl\/es\/trabajo-temporal\/","title":{"rendered":"Trabajo temporal"},"content":{"rendered":"\n<p>El trabajo temporal es a menudo un camino eficaz hacia el empleo directo en la empresa del Empleador Usuario (la empresa a la que la Agencia env\u00eda al trabajador temporal para prestar servicios). Al trabajar a trav\u00e9s de la Agencia, el empleado tiene la oportunidad de presentarse de la mejor manera posible al futuro empleador y, como resultado, ser contratado por \u00e9l. HERSTER tambi\u00e9n quiere ser tu tutor y apoyo durante todo el per\u00edodo de empleo.<\/p>\n\n\n\n<p><\/p>\n\n\n\n<p><\/p>\n","protected":false},"excerpt":{"rendered":"<p>El trabajo temporal es a menudo un camino eficaz hacia el empleo directo en la empresa del Empleador Usuario (la empresa a la que la Agencia env\u00eda al trabajador temporal para prestar servicios). Al trabajar a trav\u00e9s de la Agencia, el empleado tiene la oportunidad de presentarse de la mejor manera posible al futuro empleador [&hellip;]<\/p>\n","protected":false},"author":1,"featured_media":0,"parent":0,"menu_order":0,"comment_status":"closed","ping_status":"closed","template":"page-template\/about-us-page.php","meta":{"site-sidebar-layout":"default","site-content-layout":"","ast-site-content-layout":"default","site-content-style":"default","site-sidebar-style":"default","ast-global-header-display":"","ast-banner-title-visibility":"","ast-main-header-display":"","ast-hfb-above-header-display":"","ast-hfb-below-header-display":"","ast-hfb-mobile-header-display":"","site-post-title":"","ast-breadcrumbs-content":"","ast-featured-img":"","footer-sml-layout":"","theme-transparent-header-meta":"","adv-header-id-meta":"","stick-header-meta":"","header-above-stick-meta":"","header-main-stick-meta":"","header-below-stick-meta":"","astra-migrate-meta-layouts":"set","ast-page-background-enabled":"default","ast-page-background-meta":{"desktop":{"background-color":"var(--ast-global-color-4)","background-image":"","background-repeat":"repeat","background-position":"center center","background-size":"auto","background-attachment":"scroll","background-type":"","background-media":"","overlay-type":"","overlay-color":"","overlay-opacity":"","overlay-gradient":""},"tablet":{"background-color":"","background-image":"","background-repeat":"repeat","background-position":"center center","background-size":"auto","background-attachment":"scroll","background-type":"","background-media":"","overlay-type":"","overlay-color":"","overlay-opacity":"","overlay-gradient":""},"mobile":{"background-color":"","background-image":"","background-repeat":"repeat","background-position":"center center","background-size":"auto","background-attachment":"scroll","background-type":"","background-media":"","overlay-type":"","overlay-color":"","overlay-opacity":"","overlay-gradient":""}},"ast-content-background-meta":{"desktop":{"background-color":"var(--ast-global-color-5)","background-image":"","background-repeat":"repeat","background-position":"center center","background-size":"auto","background-attachment":"scroll","background-type":"","background-media":"","overlay-type":"","overlay-color":"","overlay-opacity":"","overlay-gradient":""},"tablet":{"background-color":"var(--ast-global-color-5)","background-image":"","background-repeat":"repeat","background-position":"center center","background-size":"auto","background-attachment":"scroll","background-type":"","background-media":"","overlay-type":"","overlay-color":"","overlay-opacity":"","overlay-gradient":""},"mobile":{"background-color":"var(--ast-global-color-5)","background-image":"","background-repeat":"repeat","background-position":"center center","background-size":"auto","background-attachment":"scroll","background-type":"","background-media":"","overlay-type":"","overlay-color":"","overlay-opacity":"","overlay-gradient":""}},"footnotes":""},"class_list":["post-1933","page","type-page","status-publish","hentry"],"acf":[],"_links":{"self":[{"href":"https:\/\/herster.pl\/es\/wp-json\/wp\/v2\/pages\/1933"}],"collection":[{"href":"https:\/\/herster.pl\/es\/wp-json\/wp\/v2\/pages"}],"about":[{"href":"https:\/\/herster.pl\/es\/wp-json\/wp\/v2\/types\/page"}],"author":[{"embeddable":true,"href":"https:\/\/herster.pl\/es\/wp-json\/wp\/v2\/users\/1"}],"replies":[{"embeddable":true,"href":"https:\/\/herster.pl\/es\/wp-json\/wp\/v2\/comments?post=1933"}],"version-history":[{"count":2,"href":"https:\/\/herster.pl\/es\/wp-json\/wp\/v2\/pages\/1933\/revisions"}],"predecessor-version":[{"id":1936,"href":"https:\/\/herster.pl\/es\/wp-json\/wp\/v2\/pages\/1933\/revisions\/1936"}],"wp:attachment":[{"href":"https:\/\/herster.pl\/es\/wp-json\/wp\/v2\/media?parent=1933"}],"curies":[{"name":"wp","href":"https:\/\/api.w.org\/{rel}","templated":true}]}}