{"id":1907,"date":"2023-10-24T11:35:11","date_gmt":"2023-10-24T11:35:11","guid":{"rendered":"https:\/\/herster.pl\/dostarczanie-personelu\/"},"modified":"2024-10-08T11:17:02","modified_gmt":"2024-10-08T11:17:02","slug":"soluciones-de-personal","status":"publish","type":"page","link":"https:\/\/herster.pl\/es\/soluciones-de-personal\/","title":{"rendered":"Soluciones de Personal"},"content":{"rendered":"\n<p>Desde 2014, HERSTER ha estado proporcionando personal valioso a sus clientes. Nuestra filosof\u00eda se basa en escuchar las necesidades tanto del cliente como del empleado, actuando como un puente entre quienes buscan trabajadores y quienes buscan empleo. Adaptamos el tipo de servicio a las necesidades del modelo de negocio del cliente, ofreciendo informaci\u00f3n sobre el mercado actual y su evoluci\u00f3n. Tambi\u00e9n compartimos comentarios de nuestros empleados, todo con el fin de crear el mejor modelo de cooperaci\u00f3n posible, basado en la confianza mutua, relaciones de asociaci\u00f3n y comunicaci\u00f3n sincera y consistente.<\/p>\n","protected":false},"excerpt":{"rendered":"<p>Desde 2014, HERSTER ha estado proporcionando personal valioso a sus clientes. Nuestra filosof\u00eda se basa en escuchar las necesidades tanto del cliente como del empleado, actuando como un puente entre quienes buscan trabajadores y quienes buscan empleo. Adaptamos el tipo de servicio a las necesidades del modelo de negocio del cliente, ofreciendo informaci\u00f3n sobre el [&hellip;]<\/p>\n","protected":false},"author":1,"featured_media":0,"parent":0,"menu_order":0,"comment_status":"closed","ping_status":"closed","template":"page-template\/about-us-page.php","meta":{"site-sidebar-layout":"default","site-content-layout":"","ast-site-content-layout":"default","site-content-style":"default","site-sidebar-style":"default","ast-global-header-display":"","ast-banner-title-visibility":"","ast-main-header-display":"","ast-hfb-above-header-display":"","ast-hfb-below-header-display":"","ast-hfb-mobile-header-display":"","site-post-title":"","ast-breadcrumbs-content":"","ast-featured-img":"","footer-sml-layout":"","theme-transparent-header-meta":"","adv-header-id-meta":"","stick-header-meta":"","header-above-stick-meta":"","header-main-stick-meta":"","header-below-stick-meta":"","astra-migrate-meta-layouts":"set","ast-page-background-enabled":"default","ast-page-background-meta":{"desktop":{"background-color":"var(--ast-global-color-4)","background-image":"","background-repeat":"repeat","background-position":"center center","background-size":"auto","background-attachment":"scroll","background-type":"","background-media":"","overlay-type":"","overlay-color":"","overlay-opacity":"","overlay-gradient":""},"tablet":{"background-color":"","background-image":"","background-repeat":"repeat","background-position":"center center","background-size":"auto","background-attachment":"scroll","background-type":"","background-media":"","overlay-type":"","overlay-color":"","overlay-opacity":"","overlay-gradient":""},"mobile":{"background-color":"","background-image":"","background-repeat":"repeat","background-position":"center center","background-size":"auto","background-attachment":"scroll","background-type":"","background-media":"","overlay-type":"","overlay-color":"","overlay-opacity":"","overlay-gradient":""}},"ast-content-background-meta":{"desktop":{"background-color":"var(--ast-global-color-5)","background-image":"","background-repeat":"repeat","background-position":"center center","background-size":"auto","background-attachment":"scroll","background-type":"","background-media":"","overlay-type":"","overlay-color":"","overlay-opacity":"","overlay-gradient":""},"tablet":{"background-color":"var(--ast-global-color-5)","background-image":"","background-repeat":"repeat","background-position":"center center","background-size":"auto","background-attachment":"scroll","background-type":"","background-media":"","overlay-type":"","overlay-color":"","overlay-opacity":"","overlay-gradient":""},"mobile":{"background-color":"var(--ast-global-color-5)","background-image":"","background-repeat":"repeat","background-position":"center center","background-size":"auto","background-attachment":"scroll","background-type":"","background-media":"","overlay-type":"","overlay-color":"","overlay-opacity":"","overlay-gradient":""}},"footnotes":""},"class_list":["post-1907","page","type-page","status-publish","hentry"],"acf":[],"_links":{"self":[{"href":"https:\/\/herster.pl\/es\/wp-json\/wp\/v2\/pages\/1907"}],"collection":[{"href":"https:\/\/herster.pl\/es\/wp-json\/wp\/v2\/pages"}],"about":[{"href":"https:\/\/herster.pl\/es\/wp-json\/wp\/v2\/types\/page"}],"author":[{"embeddable":true,"href":"https:\/\/herster.pl\/es\/wp-json\/wp\/v2\/users\/1"}],"replies":[{"embeddable":true,"href":"https:\/\/herster.pl\/es\/wp-json\/wp\/v2\/comments?post=1907"}],"version-history":[{"count":4,"href":"https:\/\/herster.pl\/es\/wp-json\/wp\/v2\/pages\/1907\/revisions"}],"predecessor-version":[{"id":2425,"href":"https:\/\/herster.pl\/es\/wp-json\/wp\/v2\/pages\/1907\/revisions\/2425"}],"wp:attachment":[{"href":"https:\/\/herster.pl\/es\/wp-json\/wp\/v2\/media?parent=1907"}],"curies":[{"name":"wp","href":"https:\/\/api.w.org\/{rel}","templated":true}]}}