{"id":859,"date":"2023-10-24T11:38:04","date_gmt":"2023-10-24T11:38:04","guid":{"rendered":"https:\/\/herster.pl\/?page_id=859"},"modified":"2024-10-08T11:33:49","modified_gmt":"2024-10-08T11:33:49","slug":"pracownicy-z-azji","status":"publish","type":"page","link":"https:\/\/herster.pl\/de\/pracownicy-z-azji\/","title":{"rendered":"Mitarbeiter aus Asien und S\u00fcdamerika"},"content":{"rendered":"\n<p>Als Antwort auf die Nachfrage des polnischen Arbeitsmarktes rekrutiert HERSTER und legalisiert den Aufenthalt und die Besch\u00e4ftigung von Ausl\u00e4ndern in Polen. Jeder Kandidat wird w\u00e4hrend eines Videointerviews in Bezug auf Sprachkenntnisse und Karriereweg \u00fcberpr\u00fcft. Wir arbeiten mit Arbeitsmarktinstitutionen, Migrationsdiensten und Anwaltskanzleien zusammen, um die rechtliche Sicherheit sowohl f\u00fcr unsere Kunden als auch f\u00fcr die Mitarbeiter zu gew\u00e4hrleisten.<\/p>\n\n\n\n<p><\/p>\n\n\n\n<p><\/p>\n\n\n\n<p><\/p>\n\n\n\n<p><\/p>\n","protected":false},"excerpt":{"rendered":"<p>Als Antwort auf die Nachfrage des polnischen Arbeitsmarktes rekrutiert HERSTER und legalisiert den Aufenthalt und die Besch\u00e4ftigung von Ausl\u00e4ndern in Polen. Jeder Kandidat wird w\u00e4hrend eines Videointerviews in Bezug auf Sprachkenntnisse und Karriereweg \u00fcberpr\u00fcft. Wir arbeiten mit Arbeitsmarktinstitutionen, Migrationsdiensten und Anwaltskanzleien zusammen, um die rechtliche Sicherheit sowohl f\u00fcr unsere Kunden als auch f\u00fcr die Mitarbeiter [&hellip;]<\/p>\n","protected":false},"author":1,"featured_media":0,"parent":0,"menu_order":0,"comment_status":"closed","ping_status":"closed","template":"page-template\/about-us-page.php","meta":{"site-sidebar-layout":"default","site-content-layout":"","ast-site-content-layout":"default","site-content-style":"default","site-sidebar-style":"default","ast-global-header-display":"","ast-banner-title-visibility":"","ast-main-header-display":"","ast-hfb-above-header-display":"","ast-hfb-below-header-display":"","ast-hfb-mobile-header-display":"","site-post-title":"","ast-breadcrumbs-content":"","ast-featured-img":"","footer-sml-layout":"","theme-transparent-header-meta":"","adv-header-id-meta":"","stick-header-meta":"","header-above-stick-meta":"","header-main-stick-meta":"","header-below-stick-meta":"","astra-migrate-meta-layouts":"set","ast-page-background-enabled":"default","ast-page-background-meta":{"desktop":{"background-color":"var(--ast-global-color-4)","background-image":"","background-repeat":"repeat","background-position":"center center","background-size":"auto","background-attachment":"scroll","background-type":"","background-media":"","overlay-type":"","overlay-color":"","overlay-opacity":"","overlay-gradient":""},"tablet":{"background-color":"","background-image":"","background-repeat":"repeat","background-position":"center center","background-size":"auto","background-attachment":"scroll","background-type":"","background-media":"","overlay-type":"","overlay-color":"","overlay-opacity":"","overlay-gradient":""},"mobile":{"background-color":"","background-image":"","background-repeat":"repeat","background-position":"center center","background-size":"auto","background-attachment":"scroll","background-type":"","background-media":"","overlay-type":"","overlay-color":"","overlay-opacity":"","overlay-gradient":""}},"ast-content-background-meta":{"desktop":{"background-color":"var(--ast-global-color-5)","background-image":"","background-repeat":"repeat","background-position":"center center","background-size":"auto","background-attachment":"scroll","background-type":"","background-media":"","overlay-type":"","overlay-color":"","overlay-opacity":"","overlay-gradient":""},"tablet":{"background-color":"var(--ast-global-color-5)","background-image":"","background-repeat":"repeat","background-position":"center center","background-size":"auto","background-attachment":"scroll","background-type":"","background-media":"","overlay-type":"","overlay-color":"","overlay-opacity":"","overlay-gradient":""},"mobile":{"background-color":"var(--ast-global-color-5)","background-image":"","background-repeat":"repeat","background-position":"center center","background-size":"auto","background-attachment":"scroll","background-type":"","background-media":"","overlay-type":"","overlay-color":"","overlay-opacity":"","overlay-gradient":""}},"footnotes":""},"class_list":["post-859","page","type-page","status-publish","hentry"],"acf":[],"_links":{"self":[{"href":"https:\/\/herster.pl\/de\/wp-json\/wp\/v2\/pages\/859"}],"collection":[{"href":"https:\/\/herster.pl\/de\/wp-json\/wp\/v2\/pages"}],"about":[{"href":"https:\/\/herster.pl\/de\/wp-json\/wp\/v2\/types\/page"}],"author":[{"embeddable":true,"href":"https:\/\/herster.pl\/de\/wp-json\/wp\/v2\/users\/1"}],"replies":[{"embeddable":true,"href":"https:\/\/herster.pl\/de\/wp-json\/wp\/v2\/comments?post=859"}],"version-history":[{"count":4,"href":"https:\/\/herster.pl\/de\/wp-json\/wp\/v2\/pages\/859\/revisions"}],"predecessor-version":[{"id":2478,"href":"https:\/\/herster.pl\/de\/wp-json\/wp\/v2\/pages\/859\/revisions\/2478"}],"wp:attachment":[{"href":"https:\/\/herster.pl\/de\/wp-json\/wp\/v2\/media?parent=859"}],"curies":[{"name":"wp","href":"https:\/\/api.w.org\/{rel}","templated":true}]}}