{"id":854,"date":"2023-10-24T11:35:11","date_gmt":"2023-10-24T11:35:11","guid":{"rendered":"https:\/\/herster.pl\/?page_id=854"},"modified":"2024-10-08T11:16:48","modified_gmt":"2024-10-08T11:16:48","slug":"personalloesungen","status":"publish","type":"page","link":"https:\/\/herster.pl\/de\/personalloesungen\/","title":{"rendered":"Personall\u00f6sungen"},"content":{"rendered":"\n<p>Seit 2014 liefert HERSTER wertvolles Personal an seine Kunden. Unsere Philosophie basiert darauf, sowohl die Bed\u00fcrfnisse des Kunden als auch des Mitarbeiters zu verstehen, und wir fungieren somit als Br\u00fccke zwischen Arbeitssuchenden und Arbeitgebern. Wir passen die Art der angebotenen Dienstleistung dem Gesch\u00e4ftsmodell des Kunden an und geben Einblicke in den aktuellen Markt und seine Entwicklung. Au\u00dferdem geben wir Feedback von unseren Mitarbeitern weiter, um das bestm\u00f6gliche Kooperationsmodell zu schaffen, das auf gegenseitigem Vertrauen, partnerschaftlichen Beziehungen und offener Kommunikation basiert.<\/p>\n","protected":false},"excerpt":{"rendered":"<p>Seit 2014 liefert HERSTER wertvolles Personal an seine Kunden. Unsere Philosophie basiert darauf, sowohl die Bed\u00fcrfnisse des Kunden als auch des Mitarbeiters zu verstehen, und wir fungieren somit als Br\u00fccke zwischen Arbeitssuchenden und Arbeitgebern. Wir passen die Art der angebotenen Dienstleistung dem Gesch\u00e4ftsmodell des Kunden an und geben Einblicke in den aktuellen Markt und seine [&hellip;]<\/p>\n","protected":false},"author":1,"featured_media":0,"parent":0,"menu_order":0,"comment_status":"closed","ping_status":"closed","template":"page-template\/about-us-page.php","meta":{"site-sidebar-layout":"default","site-content-layout":"","ast-site-content-layout":"default","site-content-style":"default","site-sidebar-style":"default","ast-global-header-display":"","ast-banner-title-visibility":"","ast-main-header-display":"","ast-hfb-above-header-display":"","ast-hfb-below-header-display":"","ast-hfb-mobile-header-display":"","site-post-title":"","ast-breadcrumbs-content":"","ast-featured-img":"","footer-sml-layout":"","theme-transparent-header-meta":"","adv-header-id-meta":"","stick-header-meta":"","header-above-stick-meta":"","header-main-stick-meta":"","header-below-stick-meta":"","astra-migrate-meta-layouts":"set","ast-page-background-enabled":"default","ast-page-background-meta":{"desktop":{"background-color":"var(--ast-global-color-4)","background-image":"","background-repeat":"repeat","background-position":"center center","background-size":"auto","background-attachment":"scroll","background-type":"","background-media":"","overlay-type":"","overlay-color":"","overlay-opacity":"","overlay-gradient":""},"tablet":{"background-color":"","background-image":"","background-repeat":"repeat","background-position":"center center","background-size":"auto","background-attachment":"scroll","background-type":"","background-media":"","overlay-type":"","overlay-color":"","overlay-opacity":"","overlay-gradient":""},"mobile":{"background-color":"","background-image":"","background-repeat":"repeat","background-position":"center center","background-size":"auto","background-attachment":"scroll","background-type":"","background-media":"","overlay-type":"","overlay-color":"","overlay-opacity":"","overlay-gradient":""}},"ast-content-background-meta":{"desktop":{"background-color":"var(--ast-global-color-5)","background-image":"","background-repeat":"repeat","background-position":"center center","background-size":"auto","background-attachment":"scroll","background-type":"","background-media":"","overlay-type":"","overlay-color":"","overlay-opacity":"","overlay-gradient":""},"tablet":{"background-color":"var(--ast-global-color-5)","background-image":"","background-repeat":"repeat","background-position":"center center","background-size":"auto","background-attachment":"scroll","background-type":"","background-media":"","overlay-type":"","overlay-color":"","overlay-opacity":"","overlay-gradient":""},"mobile":{"background-color":"var(--ast-global-color-5)","background-image":"","background-repeat":"repeat","background-position":"center center","background-size":"auto","background-attachment":"scroll","background-type":"","background-media":"","overlay-type":"","overlay-color":"","overlay-opacity":"","overlay-gradient":""}},"footnotes":""},"class_list":["post-854","page","type-page","status-publish","hentry"],"acf":[],"_links":{"self":[{"href":"https:\/\/herster.pl\/de\/wp-json\/wp\/v2\/pages\/854"}],"collection":[{"href":"https:\/\/herster.pl\/de\/wp-json\/wp\/v2\/pages"}],"about":[{"href":"https:\/\/herster.pl\/de\/wp-json\/wp\/v2\/types\/page"}],"author":[{"embeddable":true,"href":"https:\/\/herster.pl\/de\/wp-json\/wp\/v2\/users\/1"}],"replies":[{"embeddable":true,"href":"https:\/\/herster.pl\/de\/wp-json\/wp\/v2\/comments?post=854"}],"version-history":[{"count":3,"href":"https:\/\/herster.pl\/de\/wp-json\/wp\/v2\/pages\/854\/revisions"}],"predecessor-version":[{"id":2423,"href":"https:\/\/herster.pl\/de\/wp-json\/wp\/v2\/pages\/854\/revisions\/2423"}],"wp:attachment":[{"href":"https:\/\/herster.pl\/de\/wp-json\/wp\/v2\/media?parent=854"}],"curies":[{"name":"wp","href":"https:\/\/api.w.org\/{rel}","templated":true}]}}