{"id":835,"date":"2023-10-24T08:08:26","date_gmt":"2023-10-24T08:08:26","guid":{"rendered":"https:\/\/herster.pl\/?page_id=835"},"modified":"2024-10-08T11:28:08","modified_gmt":"2024-10-08T11:28:08","slug":"rekrutierung-fur-festanstellungen-2","status":"publish","type":"page","link":"https:\/\/herster.pl\/de\/rekrutierung-fur-festanstellungen-2\/","title":{"rendered":"Rekrutierung f\u00fcr Festanstellungen"},"content":{"rendered":"\n<p>Die Rekrutierung und Auswahl von Mitarbeitern erfordert oft erhebliche Investitionen an Ressourcen \u2013 Zeit, Arbeit und Finanzen. Die Einstellung einer ungeeigneten Person erh\u00f6ht diese Kosten zus\u00e4tzlich. Deshalb bieten wir Ihnen die M\u00f6glichkeit, uns die Suche nach einem Mitarbeiter anzuvertrauen, der fest in Ihrem Unternehmen angestellt werden soll.<\/p>\n\n\n\n<p>Unsere Erfahrung in der Rekrutierung und Auswahl minimiert das Risiko, dass sich der Mitarbeiter im Unternehmen des Kunden nicht bew\u00e4hrt.<\/p>\n","protected":false},"excerpt":{"rendered":"<p>Die Rekrutierung und Auswahl von Mitarbeitern erfordert oft erhebliche Investitionen an Ressourcen \u2013 Zeit, Arbeit und Finanzen. Die Einstellung einer ungeeigneten Person erh\u00f6ht diese Kosten zus\u00e4tzlich. Deshalb bieten wir Ihnen die M\u00f6glichkeit, uns die Suche nach einem Mitarbeiter anzuvertrauen, der fest in Ihrem Unternehmen angestellt werden soll. Unsere Erfahrung in der Rekrutierung und Auswahl minimiert [&hellip;]<\/p>\n","protected":false},"author":1,"featured_media":0,"parent":0,"menu_order":0,"comment_status":"closed","ping_status":"closed","template":"page-template\/about-us-page.php","meta":{"site-sidebar-layout":"default","site-content-layout":"","ast-site-content-layout":"default","site-content-style":"default","site-sidebar-style":"default","ast-global-header-display":"","ast-banner-title-visibility":"","ast-main-header-display":"","ast-hfb-above-header-display":"","ast-hfb-below-header-display":"","ast-hfb-mobile-header-display":"","site-post-title":"","ast-breadcrumbs-content":"","ast-featured-img":"","footer-sml-layout":"","theme-transparent-header-meta":"","adv-header-id-meta":"","stick-header-meta":"","header-above-stick-meta":"","header-main-stick-meta":"","header-below-stick-meta":"","astra-migrate-meta-layouts":"set","ast-page-background-enabled":"default","ast-page-background-meta":{"desktop":{"background-color":"var(--ast-global-color-4)","background-image":"","background-repeat":"repeat","background-position":"center center","background-size":"auto","background-attachment":"scroll","background-type":"","background-media":"","overlay-type":"","overlay-color":"","overlay-opacity":"","overlay-gradient":""},"tablet":{"background-color":"","background-image":"","background-repeat":"repeat","background-position":"center center","background-size":"auto","background-attachment":"scroll","background-type":"","background-media":"","overlay-type":"","overlay-color":"","overlay-opacity":"","overlay-gradient":""},"mobile":{"background-color":"","background-image":"","background-repeat":"repeat","background-position":"center center","background-size":"auto","background-attachment":"scroll","background-type":"","background-media":"","overlay-type":"","overlay-color":"","overlay-opacity":"","overlay-gradient":""}},"ast-content-background-meta":{"desktop":{"background-color":"var(--ast-global-color-5)","background-image":"","background-repeat":"repeat","background-position":"center center","background-size":"auto","background-attachment":"scroll","background-type":"","background-media":"","overlay-type":"","overlay-color":"","overlay-opacity":"","overlay-gradient":""},"tablet":{"background-color":"var(--ast-global-color-5)","background-image":"","background-repeat":"repeat","background-position":"center center","background-size":"auto","background-attachment":"scroll","background-type":"","background-media":"","overlay-type":"","overlay-color":"","overlay-opacity":"","overlay-gradient":""},"mobile":{"background-color":"var(--ast-global-color-5)","background-image":"","background-repeat":"repeat","background-position":"center center","background-size":"auto","background-attachment":"scroll","background-type":"","background-media":"","overlay-type":"","overlay-color":"","overlay-opacity":"","overlay-gradient":""}},"footnotes":""},"class_list":["post-835","page","type-page","status-publish","hentry"],"acf":[],"_links":{"self":[{"href":"https:\/\/herster.pl\/de\/wp-json\/wp\/v2\/pages\/835"}],"collection":[{"href":"https:\/\/herster.pl\/de\/wp-json\/wp\/v2\/pages"}],"about":[{"href":"https:\/\/herster.pl\/de\/wp-json\/wp\/v2\/types\/page"}],"author":[{"embeddable":true,"href":"https:\/\/herster.pl\/de\/wp-json\/wp\/v2\/users\/1"}],"replies":[{"embeddable":true,"href":"https:\/\/herster.pl\/de\/wp-json\/wp\/v2\/comments?post=835"}],"version-history":[{"count":4,"href":"https:\/\/herster.pl\/de\/wp-json\/wp\/v2\/pages\/835\/revisions"}],"predecessor-version":[{"id":2459,"href":"https:\/\/herster.pl\/de\/wp-json\/wp\/v2\/pages\/835\/revisions\/2459"}],"wp:attachment":[{"href":"https:\/\/herster.pl\/de\/wp-json\/wp\/v2\/media?parent=835"}],"curies":[{"name":"wp","href":"https:\/\/api.w.org\/{rel}","templated":true}]}}