{"id":821,"date":"2023-10-24T06:06:42","date_gmt":"2023-10-24T06:06:42","guid":{"rendered":"https:\/\/herster.pl\/?page_id=821"},"modified":"2024-10-08T11:31:15","modified_gmt":"2024-10-08T11:31:15","slug":"legalisierung-des-aufenthalts-und-der-arbeit-fuer-auslaender","status":"publish","type":"page","link":"https:\/\/herster.pl\/de\/legalisierung-des-aufenthalts-und-der-arbeit-fuer-auslaender\/","title":{"rendered":"Legalisierung des Aufenthalts und der Arbeit f\u00fcr Ausl\u00e4nder"},"content":{"rendered":"\n<p>Wir bieten Ihnen einen umfassenden Service zur Legalisierung des Aufenthalts und der Arbeit Ihrer Mitarbeiter und k\u00f6nnen auch eine \u00dcberpr\u00fcfung der Legalit\u00e4t der bereits in Ihrem Unternehmen besch\u00e4ftigten Ausl\u00e4nder durchf\u00fchren. Wir verl\u00e4ngern effizient die Dokumente, die Ausl\u00e4ndern einen legalen Aufenthalt und eine legale Arbeit in Polen erm\u00f6glichen. Wir gew\u00e4hrleisten volle rechtliche Sicherheit bez\u00fcglich der Legalit\u00e4t des Aufenthalts und der Arbeit Ihrer Mitarbeiter.<\/p>\n\n\n\n<p>Durch die Zusammenarbeit mit uns profitieren Sie von:<\/p>\n\n\n\n<ul class=\"wp-block-list\">\n<li>Rechtlicher Sicherheit basierend auf langj\u00e4hriger Erfahrung<\/li>\n\n\n\n<li>Unterst\u00fctzung und Beratung in jeder Phase des Verfahrens<\/li>\n\n\n\n<li>\u00dcberwachung der Dokumentenfristen<\/li>\n\n\n\n<li>Informationen \u00fcber aktuelle \u00c4nderungen zur Legalisierung des Aufenthalts und der Arbeit von Ausl\u00e4ndern<\/li>\n<\/ul>\n","protected":false},"excerpt":{"rendered":"<p>Wir bieten Ihnen einen umfassenden Service zur Legalisierung des Aufenthalts und der Arbeit Ihrer Mitarbeiter und k\u00f6nnen auch eine \u00dcberpr\u00fcfung der Legalit\u00e4t der bereits in Ihrem Unternehmen besch\u00e4ftigten Ausl\u00e4nder durchf\u00fchren. Wir verl\u00e4ngern effizient die Dokumente, die Ausl\u00e4ndern einen legalen Aufenthalt und eine legale Arbeit in Polen erm\u00f6glichen. Wir gew\u00e4hrleisten volle rechtliche Sicherheit bez\u00fcglich der Legalit\u00e4t [&hellip;]<\/p>\n","protected":false},"author":1,"featured_media":0,"parent":0,"menu_order":0,"comment_status":"closed","ping_status":"closed","template":"page-template\/about-us-page.php","meta":{"site-sidebar-layout":"default","site-content-layout":"","ast-site-content-layout":"default","site-content-style":"default","site-sidebar-style":"default","ast-global-header-display":"","ast-banner-title-visibility":"","ast-main-header-display":"","ast-hfb-above-header-display":"","ast-hfb-below-header-display":"","ast-hfb-mobile-header-display":"","site-post-title":"","ast-breadcrumbs-content":"","ast-featured-img":"","footer-sml-layout":"","theme-transparent-header-meta":"","adv-header-id-meta":"","stick-header-meta":"","header-above-stick-meta":"","header-main-stick-meta":"","header-below-stick-meta":"","astra-migrate-meta-layouts":"set","ast-page-background-enabled":"default","ast-page-background-meta":{"desktop":{"background-color":"var(--ast-global-color-4)","background-image":"","background-repeat":"repeat","background-position":"center center","background-size":"auto","background-attachment":"scroll","background-type":"","background-media":"","overlay-type":"","overlay-color":"","overlay-opacity":"","overlay-gradient":""},"tablet":{"background-color":"","background-image":"","background-repeat":"repeat","background-position":"center center","background-size":"auto","background-attachment":"scroll","background-type":"","background-media":"","overlay-type":"","overlay-color":"","overlay-opacity":"","overlay-gradient":""},"mobile":{"background-color":"","background-image":"","background-repeat":"repeat","background-position":"center center","background-size":"auto","background-attachment":"scroll","background-type":"","background-media":"","overlay-type":"","overlay-color":"","overlay-opacity":"","overlay-gradient":""}},"ast-content-background-meta":{"desktop":{"background-color":"var(--ast-global-color-5)","background-image":"","background-repeat":"repeat","background-position":"center center","background-size":"auto","background-attachment":"scroll","background-type":"","background-media":"","overlay-type":"","overlay-color":"","overlay-opacity":"","overlay-gradient":""},"tablet":{"background-color":"var(--ast-global-color-5)","background-image":"","background-repeat":"repeat","background-position":"center center","background-size":"auto","background-attachment":"scroll","background-type":"","background-media":"","overlay-type":"","overlay-color":"","overlay-opacity":"","overlay-gradient":""},"mobile":{"background-color":"var(--ast-global-color-5)","background-image":"","background-repeat":"repeat","background-position":"center center","background-size":"auto","background-attachment":"scroll","background-type":"","background-media":"","overlay-type":"","overlay-color":"","overlay-opacity":"","overlay-gradient":""}},"footnotes":""},"class_list":["post-821","page","type-page","status-publish","hentry"],"acf":[],"_links":{"self":[{"href":"https:\/\/herster.pl\/de\/wp-json\/wp\/v2\/pages\/821"}],"collection":[{"href":"https:\/\/herster.pl\/de\/wp-json\/wp\/v2\/pages"}],"about":[{"href":"https:\/\/herster.pl\/de\/wp-json\/wp\/v2\/types\/page"}],"author":[{"embeddable":true,"href":"https:\/\/herster.pl\/de\/wp-json\/wp\/v2\/users\/1"}],"replies":[{"embeddable":true,"href":"https:\/\/herster.pl\/de\/wp-json\/wp\/v2\/comments?post=821"}],"version-history":[{"count":3,"href":"https:\/\/herster.pl\/de\/wp-json\/wp\/v2\/pages\/821\/revisions"}],"predecessor-version":[{"id":2468,"href":"https:\/\/herster.pl\/de\/wp-json\/wp\/v2\/pages\/821\/revisions\/2468"}],"wp:attachment":[{"href":"https:\/\/herster.pl\/de\/wp-json\/wp\/v2\/media?parent=821"}],"curies":[{"name":"wp","href":"https:\/\/api.w.org\/{rel}","templated":true}]}}