{"id":814,"date":"2023-10-23T12:47:18","date_gmt":"2023-10-23T12:47:18","guid":{"rendered":"https:\/\/herster.pl\/?page_id=814"},"modified":"2024-10-28T17:01:11","modified_gmt":"2024-10-28T17:01:11","slug":"outsourcing","status":"publish","type":"page","link":"https:\/\/herster.pl\/de\/outsourcing\/","title":{"rendered":"Outsourcing"},"content":{"rendered":"\n<p>Als Antwort auf Ihre Bed\u00fcrfnisse \u00fcbernehmen wir die Verantwortung f\u00fcr einen Teil des spezifischen Prozesses, den Sie unserem Unternehmen anvertrauen. Als Subunternehmer passen wir uns Ihren Anforderungen an und gew\u00e4hrleisten gleichzeitig die entsprechende Qualit\u00e4t und termingerechte Ausf\u00fchrung der Dienstleistungen.<\/p>\n\n\n\n<p><\/p>\n\n\n\n<p><\/p>\n","protected":false},"excerpt":{"rendered":"<p>Als Antwort auf Ihre Bed\u00fcrfnisse \u00fcbernehmen wir die Verantwortung f\u00fcr einen Teil des spezifischen Prozesses, den Sie unserem Unternehmen anvertrauen. Als Subunternehmer passen wir uns Ihren Anforderungen an und gew\u00e4hrleisten gleichzeitig die entsprechende Qualit\u00e4t und termingerechte Ausf\u00fchrung der Dienstleistungen.<\/p>\n","protected":false},"author":1,"featured_media":0,"parent":0,"menu_order":0,"comment_status":"closed","ping_status":"closed","template":"page-template\/about-us-page.php","meta":{"site-sidebar-layout":"default","site-content-layout":"","ast-site-content-layout":"default","site-content-style":"default","site-sidebar-style":"default","ast-global-header-display":"","ast-banner-title-visibility":"","ast-main-header-display":"","ast-hfb-above-header-display":"","ast-hfb-below-header-display":"","ast-hfb-mobile-header-display":"","site-post-title":"","ast-breadcrumbs-content":"","ast-featured-img":"","footer-sml-layout":"","theme-transparent-header-meta":"","adv-header-id-meta":"","stick-header-meta":"","header-above-stick-meta":"","header-main-stick-meta":"","header-below-stick-meta":"","astra-migrate-meta-layouts":"set","ast-page-background-enabled":"default","ast-page-background-meta":{"desktop":{"background-color":"var(--ast-global-color-4)","background-image":"","background-repeat":"repeat","background-position":"center center","background-size":"auto","background-attachment":"scroll","background-type":"","background-media":"","overlay-type":"","overlay-color":"","overlay-opacity":"","overlay-gradient":""},"tablet":{"background-color":"","background-image":"","background-repeat":"repeat","background-position":"center center","background-size":"auto","background-attachment":"scroll","background-type":"","background-media":"","overlay-type":"","overlay-color":"","overlay-opacity":"","overlay-gradient":""},"mobile":{"background-color":"","background-image":"","background-repeat":"repeat","background-position":"center center","background-size":"auto","background-attachment":"scroll","background-type":"","background-media":"","overlay-type":"","overlay-color":"","overlay-opacity":"","overlay-gradient":""}},"ast-content-background-meta":{"desktop":{"background-color":"var(--ast-global-color-5)","background-image":"","background-repeat":"repeat","background-position":"center center","background-size":"auto","background-attachment":"scroll","background-type":"","background-media":"","overlay-type":"","overlay-color":"","overlay-opacity":"","overlay-gradient":""},"tablet":{"background-color":"var(--ast-global-color-5)","background-image":"","background-repeat":"repeat","background-position":"center center","background-size":"auto","background-attachment":"scroll","background-type":"","background-media":"","overlay-type":"","overlay-color":"","overlay-opacity":"","overlay-gradient":""},"mobile":{"background-color":"var(--ast-global-color-5)","background-image":"","background-repeat":"repeat","background-position":"center center","background-size":"auto","background-attachment":"scroll","background-type":"","background-media":"","overlay-type":"","overlay-color":"","overlay-opacity":"","overlay-gradient":""}},"footnotes":""},"class_list":["post-814","page","type-page","status-publish","hentry"],"acf":[],"_links":{"self":[{"href":"https:\/\/herster.pl\/de\/wp-json\/wp\/v2\/pages\/814"}],"collection":[{"href":"https:\/\/herster.pl\/de\/wp-json\/wp\/v2\/pages"}],"about":[{"href":"https:\/\/herster.pl\/de\/wp-json\/wp\/v2\/types\/page"}],"author":[{"embeddable":true,"href":"https:\/\/herster.pl\/de\/wp-json\/wp\/v2\/users\/1"}],"replies":[{"embeddable":true,"href":"https:\/\/herster.pl\/de\/wp-json\/wp\/v2\/comments?post=814"}],"version-history":[{"count":6,"href":"https:\/\/herster.pl\/de\/wp-json\/wp\/v2\/pages\/814\/revisions"}],"predecessor-version":[{"id":2597,"href":"https:\/\/herster.pl\/de\/wp-json\/wp\/v2\/pages\/814\/revisions\/2597"}],"wp:attachment":[{"href":"https:\/\/herster.pl\/de\/wp-json\/wp\/v2\/media?parent=814"}],"curies":[{"name":"wp","href":"https:\/\/api.w.org\/{rel}","templated":true}]}}