{"id":788,"date":"2023-10-23T11:30:46","date_gmt":"2023-10-23T11:30:46","guid":{"rendered":"https:\/\/herster.pl\/?page_id=788"},"modified":"2024-10-28T16:53:55","modified_gmt":"2024-10-28T16:53:55","slug":"rekrutierung-fur-festanstellungen","status":"publish","type":"page","link":"https:\/\/herster.pl\/de\/rekrutierung-fur-festanstellungen\/","title":{"rendered":"Rekrutierung f\u00fcr Festanstellungen"},"content":{"rendered":"\n<p>Herster \u2013 Ihr Partner in der Karriereentwicklung!<\/p>\n\n\n\n<p>Mit der Aufnahme in unsere Lebenslauf-Datenbank \u00f6ffnen Sie die T\u00fcr zu neuen beruflichen M\u00f6glichkeiten. Erhalten Sie die Chance, Festanstellungsangebote zu erhalten, und wir als Ihr vertrauensw\u00fcrdiger Berater empfehlen Sie unseren Kunden als zuverl\u00e4ssigen und kompetenten Kandidaten. All dies ist m\u00f6glich, aber zuerst m\u00f6chten wir Sie besser kennenlernen. Lassen Sie uns Ihre Karriere gemeinsam gestalten!<\/p>\n\n\n\n<p><\/p>\n\n\n\n<p><\/p>\n\n\n\n<p><\/p>\n","protected":false},"excerpt":{"rendered":"<p>Herster \u2013 Ihr Partner in der Karriereentwicklung! Mit der Aufnahme in unsere Lebenslauf-Datenbank \u00f6ffnen Sie die T\u00fcr zu neuen beruflichen M\u00f6glichkeiten. Erhalten Sie die Chance, Festanstellungsangebote zu erhalten, und wir als Ihr vertrauensw\u00fcrdiger Berater empfehlen Sie unseren Kunden als zuverl\u00e4ssigen und kompetenten Kandidaten. All dies ist m\u00f6glich, aber zuerst m\u00f6chten wir Sie besser kennenlernen. Lassen [&hellip;]<\/p>\n","protected":false},"author":1,"featured_media":0,"parent":0,"menu_order":0,"comment_status":"closed","ping_status":"closed","template":"page-template\/about-us-page.php","meta":{"site-sidebar-layout":"default","site-content-layout":"","ast-site-content-layout":"default","site-content-style":"default","site-sidebar-style":"default","ast-global-header-display":"","ast-banner-title-visibility":"","ast-main-header-display":"","ast-hfb-above-header-display":"","ast-hfb-below-header-display":"","ast-hfb-mobile-header-display":"","site-post-title":"","ast-breadcrumbs-content":"","ast-featured-img":"","footer-sml-layout":"","theme-transparent-header-meta":"","adv-header-id-meta":"","stick-header-meta":"","header-above-stick-meta":"","header-main-stick-meta":"","header-below-stick-meta":"","astra-migrate-meta-layouts":"set","ast-page-background-enabled":"default","ast-page-background-meta":{"desktop":{"background-color":"var(--ast-global-color-4)","background-image":"","background-repeat":"repeat","background-position":"center center","background-size":"auto","background-attachment":"scroll","background-type":"","background-media":"","overlay-type":"","overlay-color":"","overlay-opacity":"","overlay-gradient":""},"tablet":{"background-color":"","background-image":"","background-repeat":"repeat","background-position":"center center","background-size":"auto","background-attachment":"scroll","background-type":"","background-media":"","overlay-type":"","overlay-color":"","overlay-opacity":"","overlay-gradient":""},"mobile":{"background-color":"","background-image":"","background-repeat":"repeat","background-position":"center center","background-size":"auto","background-attachment":"scroll","background-type":"","background-media":"","overlay-type":"","overlay-color":"","overlay-opacity":"","overlay-gradient":""}},"ast-content-background-meta":{"desktop":{"background-color":"var(--ast-global-color-5)","background-image":"","background-repeat":"repeat","background-position":"center center","background-size":"auto","background-attachment":"scroll","background-type":"","background-media":"","overlay-type":"","overlay-color":"","overlay-opacity":"","overlay-gradient":""},"tablet":{"background-color":"var(--ast-global-color-5)","background-image":"","background-repeat":"repeat","background-position":"center center","background-size":"auto","background-attachment":"scroll","background-type":"","background-media":"","overlay-type":"","overlay-color":"","overlay-opacity":"","overlay-gradient":""},"mobile":{"background-color":"var(--ast-global-color-5)","background-image":"","background-repeat":"repeat","background-position":"center center","background-size":"auto","background-attachment":"scroll","background-type":"","background-media":"","overlay-type":"","overlay-color":"","overlay-opacity":"","overlay-gradient":""}},"footnotes":""},"class_list":["post-788","page","type-page","status-publish","hentry"],"acf":[],"_links":{"self":[{"href":"https:\/\/herster.pl\/de\/wp-json\/wp\/v2\/pages\/788"}],"collection":[{"href":"https:\/\/herster.pl\/de\/wp-json\/wp\/v2\/pages"}],"about":[{"href":"https:\/\/herster.pl\/de\/wp-json\/wp\/v2\/types\/page"}],"author":[{"embeddable":true,"href":"https:\/\/herster.pl\/de\/wp-json\/wp\/v2\/users\/1"}],"replies":[{"embeddable":true,"href":"https:\/\/herster.pl\/de\/wp-json\/wp\/v2\/comments?post=788"}],"version-history":[{"count":5,"href":"https:\/\/herster.pl\/de\/wp-json\/wp\/v2\/pages\/788\/revisions"}],"predecessor-version":[{"id":2595,"href":"https:\/\/herster.pl\/de\/wp-json\/wp\/v2\/pages\/788\/revisions\/2595"}],"wp:attachment":[{"href":"https:\/\/herster.pl\/de\/wp-json\/wp\/v2\/media?parent=788"}],"curies":[{"name":"wp","href":"https:\/\/api.w.org\/{rel}","templated":true}]}}