{"id":782,"date":"2023-10-23T11:06:21","date_gmt":"2023-10-23T11:06:21","guid":{"rendered":"https:\/\/herster.pl\/?page_id=782"},"modified":"2024-10-06T18:39:41","modified_gmt":"2024-10-06T18:39:41","slug":"arbeiten-in-polen","status":"publish","type":"page","link":"https:\/\/herster.pl\/de\/arbeiten-in-polen\/","title":{"rendered":"Arbeiten in Polen"},"content":{"rendered":"\n<p>Wenn Sie eine Arbeit in Polen suchen, kontaktieren Sie uns. Wir bieten Arbeit bei \u00fcberpr\u00fcften, zuverl\u00e4ssigen Kunden, eine sichere, legale und schnelle Anreise nach Polen, die Unterst\u00fctzung eines Koordinators in jeder Phase des Rekrutierungsprozesses, Unterbringung und Betreuung vor Ort in Polen.<\/p>\n\n\n\n<p>Kontakt: WhatsApp &#8211; +48&nbsp;789&nbsp;183&nbsp;601 \/ <a href=\"https:\/\/www.facebook.com\/herster.apt\">facebook<\/a><\/p>\n\n\n\n<p><\/p>\n\n\n\n<p><\/p>\n\n\n\n<p><\/p>\n\n\n\n<p><\/p>\n","protected":false},"excerpt":{"rendered":"<p>Wenn Sie eine Arbeit in Polen suchen, kontaktieren Sie uns. Wir bieten Arbeit bei \u00fcberpr\u00fcften, zuverl\u00e4ssigen Kunden, eine sichere, legale und schnelle Anreise nach Polen, die Unterst\u00fctzung eines Koordinators in jeder Phase des Rekrutierungsprozesses, Unterbringung und Betreuung vor Ort in Polen. Kontakt: WhatsApp &#8211; +48&nbsp;789&nbsp;183&nbsp;601 \/ facebook<\/p>\n","protected":false},"author":1,"featured_media":0,"parent":0,"menu_order":0,"comment_status":"closed","ping_status":"closed","template":"page-template\/about-us-page.php","meta":{"site-sidebar-layout":"default","site-content-layout":"","ast-site-content-layout":"default","site-content-style":"default","site-sidebar-style":"default","ast-global-header-display":"","ast-banner-title-visibility":"","ast-main-header-display":"","ast-hfb-above-header-display":"","ast-hfb-below-header-display":"","ast-hfb-mobile-header-display":"","site-post-title":"","ast-breadcrumbs-content":"","ast-featured-img":"","footer-sml-layout":"","theme-transparent-header-meta":"","adv-header-id-meta":"","stick-header-meta":"","header-above-stick-meta":"","header-main-stick-meta":"","header-below-stick-meta":"","astra-migrate-meta-layouts":"set","ast-page-background-enabled":"default","ast-page-background-meta":{"desktop":{"background-color":"var(--ast-global-color-4)","background-image":"","background-repeat":"repeat","background-position":"center center","background-size":"auto","background-attachment":"scroll","background-type":"","background-media":"","overlay-type":"","overlay-color":"","overlay-opacity":"","overlay-gradient":""},"tablet":{"background-color":"","background-image":"","background-repeat":"repeat","background-position":"center center","background-size":"auto","background-attachment":"scroll","background-type":"","background-media":"","overlay-type":"","overlay-color":"","overlay-opacity":"","overlay-gradient":""},"mobile":{"background-color":"","background-image":"","background-repeat":"repeat","background-position":"center center","background-size":"auto","background-attachment":"scroll","background-type":"","background-media":"","overlay-type":"","overlay-color":"","overlay-opacity":"","overlay-gradient":""}},"ast-content-background-meta":{"desktop":{"background-color":"var(--ast-global-color-5)","background-image":"","background-repeat":"repeat","background-position":"center center","background-size":"auto","background-attachment":"scroll","background-type":"","background-media":"","overlay-type":"","overlay-color":"","overlay-opacity":"","overlay-gradient":""},"tablet":{"background-color":"var(--ast-global-color-5)","background-image":"","background-repeat":"repeat","background-position":"center center","background-size":"auto","background-attachment":"scroll","background-type":"","background-media":"","overlay-type":"","overlay-color":"","overlay-opacity":"","overlay-gradient":""},"mobile":{"background-color":"var(--ast-global-color-5)","background-image":"","background-repeat":"repeat","background-position":"center center","background-size":"auto","background-attachment":"scroll","background-type":"","background-media":"","overlay-type":"","overlay-color":"","overlay-opacity":"","overlay-gradient":""}},"footnotes":""},"class_list":["post-782","page","type-page","status-publish","hentry"],"acf":[],"_links":{"self":[{"href":"https:\/\/herster.pl\/de\/wp-json\/wp\/v2\/pages\/782"}],"collection":[{"href":"https:\/\/herster.pl\/de\/wp-json\/wp\/v2\/pages"}],"about":[{"href":"https:\/\/herster.pl\/de\/wp-json\/wp\/v2\/types\/page"}],"author":[{"embeddable":true,"href":"https:\/\/herster.pl\/de\/wp-json\/wp\/v2\/users\/1"}],"replies":[{"embeddable":true,"href":"https:\/\/herster.pl\/de\/wp-json\/wp\/v2\/comments?post=782"}],"version-history":[{"count":3,"href":"https:\/\/herster.pl\/de\/wp-json\/wp\/v2\/pages\/782\/revisions"}],"predecessor-version":[{"id":1965,"href":"https:\/\/herster.pl\/de\/wp-json\/wp\/v2\/pages\/782\/revisions\/1965"}],"wp:attachment":[{"href":"https:\/\/herster.pl\/de\/wp-json\/wp\/v2\/media?parent=782"}],"curies":[{"name":"wp","href":"https:\/\/api.w.org\/{rel}","templated":true}]}}