{"id":775,"date":"2023-10-23T11:00:08","date_gmt":"2023-10-23T11:00:08","guid":{"rendered":"https:\/\/herster.pl\/?page_id=775"},"modified":"2024-10-28T16:51:21","modified_gmt":"2024-10-28T16:51:21","slug":"legalisierung-des-aufenthalts-und-der-arbeit-von-auslandern","status":"publish","type":"page","link":"https:\/\/herster.pl\/de\/legalisierung-des-aufenthalts-und-der-arbeit-von-auslandern\/","title":{"rendered":"Legalisierung des Aufenthalts und der Arbeit von Ausl\u00e4ndern"},"content":{"rendered":"\n<p>Wir gew\u00e4hrleisten volle Rechtssicherheit f\u00fcr die von uns in Polen besch\u00e4ftigten Ausl\u00e4nder, in \u00dcbereinstimmung mit ihrem legalen Aufenthalt in unserem Land. Wir achten auf Fristen, die sowohl der ausl\u00e4ndische Arbeitnehmer als auch wir als Arbeitgeber einhalten m\u00fcssen. Wir informieren fortlaufend \u00fcber alle Pflichten, die Ausl\u00e4nder in Polen haben, und helfen bei der Ausf\u00fcllung der erforderlichen Dokumente.<\/p>\n\n\n\n<p><\/p>\n\n\n\n<p><\/p>\n\n\n\n<p><\/p>\n","protected":false},"excerpt":{"rendered":"<p>Wir gew\u00e4hrleisten volle Rechtssicherheit f\u00fcr die von uns in Polen besch\u00e4ftigten Ausl\u00e4nder, in \u00dcbereinstimmung mit ihrem legalen Aufenthalt in unserem Land. Wir achten auf Fristen, die sowohl der ausl\u00e4ndische Arbeitnehmer als auch wir als Arbeitgeber einhalten m\u00fcssen. Wir informieren fortlaufend \u00fcber alle Pflichten, die Ausl\u00e4nder in Polen haben, und helfen bei der Ausf\u00fcllung der erforderlichen [&hellip;]<\/p>\n","protected":false},"author":1,"featured_media":0,"parent":0,"menu_order":0,"comment_status":"closed","ping_status":"closed","template":"page-template\/about-us-page.php","meta":{"site-sidebar-layout":"default","site-content-layout":"","ast-site-content-layout":"default","site-content-style":"default","site-sidebar-style":"default","ast-global-header-display":"","ast-banner-title-visibility":"","ast-main-header-display":"","ast-hfb-above-header-display":"","ast-hfb-below-header-display":"","ast-hfb-mobile-header-display":"","site-post-title":"","ast-breadcrumbs-content":"","ast-featured-img":"","footer-sml-layout":"","theme-transparent-header-meta":"","adv-header-id-meta":"","stick-header-meta":"","header-above-stick-meta":"","header-main-stick-meta":"","header-below-stick-meta":"","astra-migrate-meta-layouts":"set","ast-page-background-enabled":"default","ast-page-background-meta":{"desktop":{"background-color":"var(--ast-global-color-4)","background-image":"","background-repeat":"repeat","background-position":"center center","background-size":"auto","background-attachment":"scroll","background-type":"","background-media":"","overlay-type":"","overlay-color":"","overlay-opacity":"","overlay-gradient":""},"tablet":{"background-color":"","background-image":"","background-repeat":"repeat","background-position":"center center","background-size":"auto","background-attachment":"scroll","background-type":"","background-media":"","overlay-type":"","overlay-color":"","overlay-opacity":"","overlay-gradient":""},"mobile":{"background-color":"","background-image":"","background-repeat":"repeat","background-position":"center center","background-size":"auto","background-attachment":"scroll","background-type":"","background-media":"","overlay-type":"","overlay-color":"","overlay-opacity":"","overlay-gradient":""}},"ast-content-background-meta":{"desktop":{"background-color":"var(--ast-global-color-5)","background-image":"","background-repeat":"repeat","background-position":"center center","background-size":"auto","background-attachment":"scroll","background-type":"","background-media":"","overlay-type":"","overlay-color":"","overlay-opacity":"","overlay-gradient":""},"tablet":{"background-color":"var(--ast-global-color-5)","background-image":"","background-repeat":"repeat","background-position":"center center","background-size":"auto","background-attachment":"scroll","background-type":"","background-media":"","overlay-type":"","overlay-color":"","overlay-opacity":"","overlay-gradient":""},"mobile":{"background-color":"var(--ast-global-color-5)","background-image":"","background-repeat":"repeat","background-position":"center center","background-size":"auto","background-attachment":"scroll","background-type":"","background-media":"","overlay-type":"","overlay-color":"","overlay-opacity":"","overlay-gradient":""}},"footnotes":""},"class_list":["post-775","page","type-page","status-publish","hentry"],"acf":[],"_links":{"self":[{"href":"https:\/\/herster.pl\/de\/wp-json\/wp\/v2\/pages\/775"}],"collection":[{"href":"https:\/\/herster.pl\/de\/wp-json\/wp\/v2\/pages"}],"about":[{"href":"https:\/\/herster.pl\/de\/wp-json\/wp\/v2\/types\/page"}],"author":[{"embeddable":true,"href":"https:\/\/herster.pl\/de\/wp-json\/wp\/v2\/users\/1"}],"replies":[{"embeddable":true,"href":"https:\/\/herster.pl\/de\/wp-json\/wp\/v2\/comments?post=775"}],"version-history":[{"count":5,"href":"https:\/\/herster.pl\/de\/wp-json\/wp\/v2\/pages\/775\/revisions"}],"predecessor-version":[{"id":2594,"href":"https:\/\/herster.pl\/de\/wp-json\/wp\/v2\/pages\/775\/revisions\/2594"}],"wp:attachment":[{"href":"https:\/\/herster.pl\/de\/wp-json\/wp\/v2\/media?parent=775"}],"curies":[{"name":"wp","href":"https:\/\/api.w.org\/{rel}","templated":true}]}}