{"id":759,"date":"2023-10-23T09:48:04","date_gmt":"2023-10-23T09:48:04","guid":{"rendered":"https:\/\/herster.pl\/?page_id=759"},"modified":"2024-10-28T16:50:41","modified_gmt":"2024-10-28T16:50:41","slug":"zeitarbeit-2","status":"publish","type":"page","link":"https:\/\/herster.pl\/de\/zeitarbeit-2\/","title":{"rendered":"Zeitarbeit"},"content":{"rendered":"\n<p>Zeitarbeit ist oft ein effektiver Weg zu einer direkten Anstellung beim Einsatzbetrieb (das Unternehmen, an das die Agentur den Zeitarbeiter zur Arbeitsleistung entsendet). Durch die Arbeit \u00fcber die Agentur hat der Mitarbeiter die M\u00f6glichkeit, sich dem zuk\u00fcnftigen Arbeitgeber von seiner besten Seite zu zeigen und m\u00f6glicherweise \u00fcbernommen zu werden. HERSTER m\u00f6chte w\u00e4hrend der gesamten Besch\u00e4ftigungszeit Ihr Betreuer und Unterst\u00fctzung sein.<\/p>\n","protected":false},"excerpt":{"rendered":"<p>Zeitarbeit ist oft ein effektiver Weg zu einer direkten Anstellung beim Einsatzbetrieb (das Unternehmen, an das die Agentur den Zeitarbeiter zur Arbeitsleistung entsendet). Durch die Arbeit \u00fcber die Agentur hat der Mitarbeiter die M\u00f6glichkeit, sich dem zuk\u00fcnftigen Arbeitgeber von seiner besten Seite zu zeigen und m\u00f6glicherweise \u00fcbernommen zu werden. HERSTER m\u00f6chte w\u00e4hrend der gesamten Besch\u00e4ftigungszeit [&hellip;]<\/p>\n","protected":false},"author":1,"featured_media":0,"parent":0,"menu_order":0,"comment_status":"closed","ping_status":"closed","template":"page-template\/about-us-page.php","meta":{"site-sidebar-layout":"default","site-content-layout":"","ast-site-content-layout":"default","site-content-style":"default","site-sidebar-style":"default","ast-global-header-display":"","ast-banner-title-visibility":"","ast-main-header-display":"","ast-hfb-above-header-display":"","ast-hfb-below-header-display":"","ast-hfb-mobile-header-display":"","site-post-title":"","ast-breadcrumbs-content":"","ast-featured-img":"","footer-sml-layout":"","theme-transparent-header-meta":"","adv-header-id-meta":"","stick-header-meta":"","header-above-stick-meta":"","header-main-stick-meta":"","header-below-stick-meta":"","astra-migrate-meta-layouts":"set","ast-page-background-enabled":"default","ast-page-background-meta":{"desktop":{"background-color":"var(--ast-global-color-4)","background-image":"","background-repeat":"repeat","background-position":"center center","background-size":"auto","background-attachment":"scroll","background-type":"","background-media":"","overlay-type":"","overlay-color":"","overlay-opacity":"","overlay-gradient":""},"tablet":{"background-color":"","background-image":"","background-repeat":"repeat","background-position":"center center","background-size":"auto","background-attachment":"scroll","background-type":"","background-media":"","overlay-type":"","overlay-color":"","overlay-opacity":"","overlay-gradient":""},"mobile":{"background-color":"","background-image":"","background-repeat":"repeat","background-position":"center center","background-size":"auto","background-attachment":"scroll","background-type":"","background-media":"","overlay-type":"","overlay-color":"","overlay-opacity":"","overlay-gradient":""}},"ast-content-background-meta":{"desktop":{"background-color":"var(--ast-global-color-5)","background-image":"","background-repeat":"repeat","background-position":"center center","background-size":"auto","background-attachment":"scroll","background-type":"","background-media":"","overlay-type":"","overlay-color":"","overlay-opacity":"","overlay-gradient":""},"tablet":{"background-color":"var(--ast-global-color-5)","background-image":"","background-repeat":"repeat","background-position":"center center","background-size":"auto","background-attachment":"scroll","background-type":"","background-media":"","overlay-type":"","overlay-color":"","overlay-opacity":"","overlay-gradient":""},"mobile":{"background-color":"var(--ast-global-color-5)","background-image":"","background-repeat":"repeat","background-position":"center center","background-size":"auto","background-attachment":"scroll","background-type":"","background-media":"","overlay-type":"","overlay-color":"","overlay-opacity":"","overlay-gradient":""}},"footnotes":""},"class_list":["post-759","page","type-page","status-publish","hentry"],"acf":[],"_links":{"self":[{"href":"https:\/\/herster.pl\/de\/wp-json\/wp\/v2\/pages\/759"}],"collection":[{"href":"https:\/\/herster.pl\/de\/wp-json\/wp\/v2\/pages"}],"about":[{"href":"https:\/\/herster.pl\/de\/wp-json\/wp\/v2\/types\/page"}],"author":[{"embeddable":true,"href":"https:\/\/herster.pl\/de\/wp-json\/wp\/v2\/users\/1"}],"replies":[{"embeddable":true,"href":"https:\/\/herster.pl\/de\/wp-json\/wp\/v2\/comments?post=759"}],"version-history":[{"count":5,"href":"https:\/\/herster.pl\/de\/wp-json\/wp\/v2\/pages\/759\/revisions"}],"predecessor-version":[{"id":2593,"href":"https:\/\/herster.pl\/de\/wp-json\/wp\/v2\/pages\/759\/revisions\/2593"}],"wp:attachment":[{"href":"https:\/\/herster.pl\/de\/wp-json\/wp\/v2\/media?parent=759"}],"curies":[{"name":"wp","href":"https:\/\/api.w.org\/{rel}","templated":true}]}}