{"id":404,"date":"2023-05-11T10:34:48","date_gmt":"2023-05-11T10:34:48","guid":{"rendered":"https:\/\/herster.pl\/?page_id=404"},"modified":"2024-10-08T10:01:23","modified_gmt":"2024-10-08T10:01:23","slug":"datenschutzerklarung-und-cookie-richtlinie","status":"publish","type":"page","link":"https:\/\/herster.pl\/de\/datenschutzerklarung-und-cookie-richtlinie\/","title":{"rendered":"Datenschutzerkl\u00e4rung und Cookie-Richtlinie"},"content":{"rendered":"\n<h3 class=\"wp-block-heading\">1. Allgemeine Informationen<\/h3>\n\n\n\n<p>Diese Richtlinie gilt f\u00fcr die Website unter der URL: herster.pl Der Betreiber der Website und der Verantwortliche f\u00fcr die Datenverarbeitung ist: Herster Sp. z o.o., mit NIP: 6912547464, KRS: 0000831949, mit Sitz in: Plac Wolno\u015bci 4AB\/103, 59-220 Legnica. E-Mail-Adresse des Betreibers: <a>www@herster.pl<\/a>. Der Betreiber ist der Verantwortliche f\u00fcr Ihre personenbezogenen Daten, die in den Dienst freiwillig eingegeben werden. Der Dienst verwendet personenbezogene Daten zu folgenden Zwecken:<\/p>\n\n\n\n<ul class=\"wp-block-list\">\n<li>Bearbeitung von Anfragen \u00fcber das Formular.<\/li>\n\n\n\n<li>Pr\u00e4sentation von Angeboten oder Informationen. Der Dienst sammelt Informationen \u00fcber Benutzer und ihr Verhalten auf folgende Weise:<\/li>\n\n\n\n<li>Durch Daten, die freiwillig in Formularen eingegeben werden und in die Systeme des Betreibers eingegeben werden.<\/li>\n\n\n\n<li>Durch das Speichern von Cookies auf Endger\u00e4ten.<\/li>\n<\/ul>\n\n\n\n<h3 class=\"wp-block-heading\">2. Ausgew\u00e4hlte Methoden zum Datenschutz, die vom Betreiber verwendet werden<\/h3>\n\n\n\n<p>Anmeldungen und Eingabestellen f\u00fcr personenbezogene Daten sind auf der \u00dcbertragungsebene (SSL-Zertifikat) gesch\u00fctzt. Somit sind die auf der Website eingegebenen personenbezogenen Daten und Anmeldedaten auf dem Computer des Benutzers verschl\u00fcsselt und k\u00f6nnen nur auf dem Zielserver gelesen werden. Personenbezogene Daten, die in der Datenbank gespeichert sind, werden so verschl\u00fcsselt, dass nur der Betreiber mit dem Schl\u00fcssel sie lesen kann. Dies sch\u00fctzt die Daten, falls die Datenbank vom Server gestohlen wird. Benutzerpassw\u00f6rter werden in gehashter Form gespeichert. Die Hash-Funktion funktioniert einseitig\u2014sie kann nicht umgekehrt werden, was der aktuelle Standard zum Speichern von Benutzerpassw\u00f6rtern ist. Der Betreiber \u00e4ndert regelm\u00e4\u00dfig seine administrativen Passw\u00f6rter. Um die Daten zu sch\u00fctzen, f\u00fchrt der Betreiber regelm\u00e4\u00dfig Backups durch. Ein wesentlicher Bestandteil des Datenschutzes ist die regelm\u00e4\u00dfige Aktualisierung aller Software, die vom Betreiber zur Verarbeitung personenbezogener Daten verwendet wird, was insbesondere regelm\u00e4\u00dfige Aktualisierungen von Softwarekomponenten bedeutet.<\/p>\n\n\n\n<h3 class=\"wp-block-heading\">3. Hosting<\/h3>\n\n\n\n<p>Der Dienst wird auf den Servern des Betreibers gehostet (technisch gewartet): cyberFolks.pl Das Hosting-Unternehmen f\u00fchrt auf Serverebene Protokolle, um die technische Zuverl\u00e4ssigkeit sicherzustellen. Das Protokollieren kann Folgendes umfassen:<\/p>\n\n\n\n<ul class=\"wp-block-list\">\n<li>Ressourcen, die durch URL identifiziert werden (Adressen angeforderter Ressourcen\u2014Seiten, Dateien),<\/li>\n\n\n\n<li>Zeitpunkt der Anfrage,<\/li>\n\n\n\n<li>Zeitpunkt der Antwort,<\/li>\n\n\n\n<li>Name der Clientstation\u2014Identifikation, die durch das HTTP-Protokoll realisiert wird,<\/li>\n\n\n\n<li>Informationen \u00fcber Fehler, die w\u00e4hrend der HTTP-Transaktion aufgetreten sind,<\/li>\n\n\n\n<li>Die URL der zuvor vom Benutzer besuchten Seite (Referrer-Link)\u2014wenn der \u00dcbergang zum Dienst durch einen Link erfolgt ist,<\/li>\n\n\n\n<li>Informationen \u00fcber den Browser des Benutzers,<\/li>\n\n\n\n<li>Informationen \u00fcber die IP-Adresse,<\/li>\n\n\n\n<li>Diagnosedaten, die mit dem Selbstbestellprozess auf der Seite verbunden sind,<\/li>\n\n\n\n<li>Informationen, die mit der Bearbeitung von E-Mails an den Betreiber und von den E-Mails des Betreibers verbunden sind.<\/li>\n<\/ul>\n\n\n\n<h3 class=\"wp-block-heading\">4. Ihre Rechte und zus\u00e4tzliche Informationen zur Datennutzung<\/h3>\n\n\n\n<p>In einigen Situationen hat der Administrator das Recht, Ihre personenbezogenen Daten an andere Empf\u00e4nger weiterzugeben, wenn dies zur Erf\u00fcllung des mit Ihnen geschlossenen Vertrags oder zur Erf\u00fcllung der Verpflichtungen des Administrators erforderlich ist. Dies betrifft solche Gruppen von Empf\u00e4ngern wie:<\/p>\n\n\n\n<ul class=\"wp-block-list\">\n<li>Das Hosting-Unternehmen auf der Grundlage von Auftr\u00e4gen,<\/li>\n\n\n\n<li>Betreiber von Online-Chatl\u00f6sungen,<\/li>\n\n\n\n<li>Berechtigte Mitarbeiter und Mitarbeiter, die die Daten zur Erf\u00fcllung des Zwecks der Website verwenden,<\/li>\n\n\n\n<li>Unternehmen, die Marketingdienstleistungen im Auftrag des Administrators anbieten.<\/li>\n\n\n\n<li>Unternehmen zur Bereitstellung von angebotenen Dienstleistungen:\n<ul class=\"wp-block-list\">\n<li>Herster Dominika Radomska<\/li>\n\n\n\n<li>Ul. Bohater\u00f3w Getta Warszawskiego 14\/5<\/li>\n\n\n\n<li>59-500 Z\u0142otoryja<\/li>\n\n\n\n<li>NIP 6911920889<\/li>\n\n\n\n<li>Herster Outsourcing Sp. z o.o.<\/li>\n\n\n\n<li>Ul. Ga\u0142czy\u0144skiego 45\/2<\/li>\n\n\n\n<li>59-220 Legnica<\/li>\n\n\n\n<li>NIP 6912566160<\/li>\n<\/ul>\n<\/li>\n<\/ul>\n\n\n\n<p>Ihre vom Administrator verarbeiteten personenbezogenen Daten werden nicht l\u00e4nger aufbewahrt, als es zur Durchf\u00fchrung der damit verbundenen Aktivit\u00e4ten erforderlich ist, die in separaten Vorschriften festgelegt sind (z. B. hinsichtlich der Buchhaltung). Bez\u00fcglich der Marketingdaten werden die Daten nicht l\u00e4nger als 3 Jahre verarbeitet. Sie haben das Recht, vom Administrator Folgendes zu verlangen:<\/p>\n\n\n\n<ul class=\"wp-block-list\">\n<li>Zugang zu Ihren personenbezogenen Daten, deren Berichtigung, L\u00f6schung, Einschr\u00e4nkung der Verarbeitung,<\/li>\n\n\n\n<li>Daten\u00fcbertragbarkeit. Sie haben das Recht, der Verarbeitung gem\u00e4\u00df Punkt 3.2 zu widersprechen, die die Verarbeitung personenbezogener Daten zum Zweck der Verfolgung der rechtlich gerechtfertigten Interessen des Administrators, einschlie\u00dflich der Profilierung, betrifft, sofern das Widerspruchsrecht nicht in Anwesenheit wichtiger rechtlich gerechtfertigter Gr\u00fcnde f\u00fcr die Verarbeitung, die Ihre Interessen, Rechte und Freiheiten \u00fcberwiegen, insbesondere zur Feststellung, Aus\u00fcbung oder Verteidigung von Anspr\u00fcchen, ausge\u00fcbt werden kann. Sie k\u00f6nnen eine Beschwerde \u00fcber die Handlungen des Administrators beim Pr\u00e4sidenten des Amtes f\u00fcr den Schutz personenbezogener Daten, ul. Stawki 2, 00-193 Warschau, einreichen. Die Bereitstellung personenbezogener Daten ist freiwillig, jedoch notwendig f\u00fcr den Betrieb des Dienstes. Automatisierte Entscheidungsfindungsma\u00dfnahmen, einschlie\u00dflich Profilierung zum Zweck der Bereitstellung von Dienstleistungen gem\u00e4\u00df dem geschlossenen Vertrag und zur direkten Vermarktung durch den Administrator, k\u00f6nnen in Bezug auf Sie durchgef\u00fchrt werden. Personenbezogene Daten werden nicht aus Drittl\u00e4ndern im Sinne der Vorschriften zum Schutz personenbezogener Daten \u00fcbertragen. Das bedeutet, dass wir sie nicht au\u00dferhalb der Europ\u00e4ischen Union \u00fcbertragen.<\/li>\n<\/ul>\n\n\n\n<h3 class=\"wp-block-heading\">5. Zweck der Verarbeitung personenbezogener Daten<\/h3>\n\n\n\n<p>Wir verarbeiten Ihre Daten f\u00fcr die effektive Verwaltung des Rekrutierungsprozesses und die Bereitstellung von arbeitsbezogenen Dienstleistungen.<\/p>\n\n\n\n<p><strong>Rekrutierung und Auswahl von Kandidaten:<\/strong> Verarbeitet werden personenbezogene Daten unserer Agentur: Vorname, Nachname, Geburtsdatum, Telefonnummer, E-Mail-Adresse, Informationen \u00fcber die Ausbildung, Berufserfahrung und Besch\u00e4ftigungspr\u00e4ferenzen. Die personenbezogenen Daten werden verarbeitet, um potenzielle Kandidaten f\u00fcr Stellen zu identifizieren und deren Qualifikationen und Berufserfahrung zu bewerten. Sie werden verwendet, um die Bed\u00fcrfnisse der Kunden zu analysieren und Kandidaten effektiv den verf\u00fcgbaren Stellenangeboten zuzuordnen.<\/p>\n\n\n\n<p><strong>Verwaltung von Besch\u00e4ftigungsprozessen:<\/strong> Die personenbezogenen Daten werden verarbeitet, um die Dokumentation im Zusammenhang mit dem Besch\u00e4ftigungsprozess zu f\u00fchren, einschlie\u00dflich des Abschlusses von Arbeitsvertr\u00e4gen, der Meldung von Daten und der Nachverfolgung der Besch\u00e4ftigungsgeschichte von Kandidaten.<\/p>\n\n\n\n<p><strong>Kommunikation mit Kandidaten und Kunden:<\/strong> Die personenbezogenen Daten werden verwendet, um mit den Kandidaten zu kommunizieren, um sie \u00fcber aktuelle Stellenangebote, Interviewtermine und bedeutende \u00c4nderungen im Rekrutierungsprozess zu informieren. Dar\u00fcber hinaus werden die Daten auch verwendet, um die Kunden bez\u00fcglich der Erf\u00fcllung ihrer Personalbed\u00fcrfnisse zu kontaktieren.<\/p>\n\n\n\n<p><strong>Einhaltung rechtlicher Vorschriften:<\/strong> Die Verarbeitung personenbezogener Daten erfolgt in \u00dcbereinstimmung mit den geltenden rechtlichen Vorschriften, einschlie\u00dflich des Datenschutzes und des Arbeitsrechts. Wir bem\u00fchen uns, ein angemessenes Niveau an Datenschutz zu gew\u00e4hrleisten und die Rechte der Kandidaten und Kunden hinsichtlich der Verarbeitung ihrer Daten zu beachten.<\/p>\n\n\n\n<h3 class=\"wp-block-heading\">6. Informationen in Formularen<\/h3>\n\n\n\n<p>Der Dienst sammelt Informationen, die freiwillig vom Benutzer bereitgestellt werden, einschlie\u00dflich personenbezogener Daten, sofern diese bereitgestellt werden. Der Dienst kann Informationen \u00fcber Verbindungsparameter (Zeitstempel, IP-Adresse) protokollieren. In einigen F\u00e4llen kann der Dienst Informationen speichern, um die Verkn\u00fcpfung der Daten im Formular mit der E-Mail-Adresse des Benutzers, der das Formular ausf\u00fcllt, zu erleichtern. In solchen F\u00e4llen erscheint die E-Mail-Adresse des Benutzers innerhalb der URL der Seite, die das Formular enth\u00e4lt. Die in den Formularen bereitgestellten Daten werden f\u00fcr die Zwecke verarbeitet, die sich aus der Funktion des jeweiligen Formulars ergeben, z.B. zur Bearbeitung eines Serviceantrags oder eines Gesch\u00e4ftskontakts, zur Registrierung von Dienstleistungen usw. Bei jedem Mal informieren der Kontext und die Beschreibung des Formulars deutlich, wozu es dient.<\/p>\n\n\n\n<h3 class=\"wp-block-heading\">7. Protokolle des Administrators<\/h3>\n\n\n\n<p>Informationen \u00fcber das Verhalten der Benutzer im Dienst k\u00f6nnen protokolliert werden. Diese Daten werden zur Administration des Dienstes verwendet.<\/p>\n\n\n\n<h3 class=\"wp-block-heading\">8. Wichtige Marketingtechniken<\/h3>\n\n\n\n<p>Der Betreiber verwendet statistische Traffic-Analysen auf der Website durch Google Analytics (Google Inc. mit Sitz in den USA). Der Betreiber \u00fcbertr\u00e4gt keine personenbezogenen Daten an den Betreiber des Dienstes, sondern nur anonymisierte Informationen. Der Dienst basiert auf der Verwendung von Cookies auf dem Endger\u00e4t des Benutzers. Bez\u00fcglich der Informationen \u00fcber die Vorlieben der Benutzer, die vom Google-Werbenetzwerk gesammelt wurden, kann der Benutzer Informationen aus Cookies \u00fcber das Tool anzeigen und bearbeiten: <a href=\"https:\/\/www.google.com\/ads\/preferences\/\">https:\/\/www.google.com\/ads\/preferences\/<\/a> Der Betreiber verwendet Remarketing-Techniken, die es erm\u00f6glichen, Werbung auf das Verhalten der Benutzer auf der Website abzustimmen. Diese Techniken erm\u00f6glichen es dem Betreiber, Anzeigen an Benutzer zu richten, die zuvor die Website besucht haben und ein Interesse an den Angeboten gezeigt haben. Benutzer k\u00f6nnen die Remarketing-Optionen in ihrem Browser deaktivieren.<\/p>\n\n\n\n<h3 class=\"wp-block-heading\">9. Cookies<\/h3>\n\n\n\n<p>Cookies sind kleine Textdateien, die auf dem Endger\u00e4t des Benutzers gespeichert werden. Die Cookies erm\u00f6glichen die Identifizierung des Ger\u00e4ts und die ordnungsgem\u00e4\u00dfe Anzeige der Website entsprechend den individuellen Vorlieben der Benutzer. Der Betreiber verwendet Cookies, um:<\/p>\n\n\n\n<ul class=\"wp-block-list\">\n<li>die Anzeige der Website zu optimieren,<\/li>\n\n\n\n<li>die Benutzererfahrung zu verbessern,<\/li>\n\n\n\n<li>Statistiken zu erstellen,<\/li>\n\n\n\n<li>das Nutzerverhalten auf der Website zu analysieren.<\/li>\n\n\n\n<li>die von Benutzern verwendeten Informationen zu speichern, um das Browsing der Website zu optimieren. Cookies werden auch verwendet, um Werbeanzeigen an die Benutzer anzupassen.<\/li>\n<\/ul>\n\n\n\n<h3 class=\"wp-block-heading\">10. \u00c4nderungen an der Datenschutzerkl\u00e4rung<\/h3>\n\n\n\n<p>Der Betreiber beh\u00e4lt sich das Recht vor, die Datenschutzerkl\u00e4rung zu \u00e4ndern. Benutzer werden \u00fcber \u00c4nderungen durch Benachrichtigungen auf der Website informiert. Die Datenschutzerkl\u00e4rung unterliegt dem polnischen Recht.<\/p>\n","protected":false},"excerpt":{"rendered":"<p>1. Allgemeine Informationen Diese Richtlinie gilt f\u00fcr die Website unter der URL: herster.pl Der Betreiber der Website und der Verantwortliche f\u00fcr die Datenverarbeitung ist: Herster Sp. z o.o., mit NIP: 6912547464, KRS: 0000831949, mit Sitz in: Plac Wolno\u015bci 4AB\/103, 59-220 Legnica. E-Mail-Adresse des Betreibers: www@herster.pl. Der Betreiber ist der Verantwortliche f\u00fcr Ihre personenbezogenen Daten, die [&hellip;]<\/p>\n","protected":false},"author":1,"featured_media":0,"parent":0,"menu_order":0,"comment_status":"closed","ping_status":"closed","template":"","meta":{"site-sidebar-layout":"default","site-content-layout":"","ast-site-content-layout":"default","site-content-style":"default","site-sidebar-style":"default","ast-global-header-display":"","ast-banner-title-visibility":"","ast-main-header-display":"","ast-hfb-above-header-display":"","ast-hfb-below-header-display":"","ast-hfb-mobile-header-display":"","site-post-title":"","ast-breadcrumbs-content":"","ast-featured-img":"","footer-sml-layout":"","theme-transparent-header-meta":"","adv-header-id-meta":"","stick-header-meta":"","header-above-stick-meta":"","header-main-stick-meta":"","header-below-stick-meta":"","astra-migrate-meta-layouts":"set","ast-page-background-enabled":"default","ast-page-background-meta":{"desktop":{"background-color":"var(--ast-global-color-4)","background-image":"","background-repeat":"repeat","background-position":"center center","background-size":"auto","background-attachment":"scroll","background-type":"","background-media":"","overlay-type":"","overlay-color":"","overlay-opacity":"","overlay-gradient":""},"tablet":{"background-color":"","background-image":"","background-repeat":"repeat","background-position":"center center","background-size":"auto","background-attachment":"scroll","background-type":"","background-media":"","overlay-type":"","overlay-color":"","overlay-opacity":"","overlay-gradient":""},"mobile":{"background-color":"","background-image":"","background-repeat":"repeat","background-position":"center center","background-size":"auto","background-attachment":"scroll","background-type":"","background-media":"","overlay-type":"","overlay-color":"","overlay-opacity":"","overlay-gradient":""}},"ast-content-background-meta":{"desktop":{"background-color":"var(--ast-global-color-5)","background-image":"","background-repeat":"repeat","background-position":"center center","background-size":"auto","background-attachment":"scroll","background-type":"","background-media":"","overlay-type":"","overlay-color":"","overlay-opacity":"","overlay-gradient":""},"tablet":{"background-color":"var(--ast-global-color-5)","background-image":"","background-repeat":"repeat","background-position":"center center","background-size":"auto","background-attachment":"scroll","background-type":"","background-media":"","overlay-type":"","overlay-color":"","overlay-opacity":"","overlay-gradient":""},"mobile":{"background-color":"var(--ast-global-color-5)","background-image":"","background-repeat":"repeat","background-position":"center center","background-size":"auto","background-attachment":"scroll","background-type":"","background-media":"","overlay-type":"","overlay-color":"","overlay-opacity":"","overlay-gradient":""}},"footnotes":""},"class_list":["post-404","page","type-page","status-publish","hentry"],"acf":[],"_links":{"self":[{"href":"https:\/\/herster.pl\/de\/wp-json\/wp\/v2\/pages\/404"}],"collection":[{"href":"https:\/\/herster.pl\/de\/wp-json\/wp\/v2\/pages"}],"about":[{"href":"https:\/\/herster.pl\/de\/wp-json\/wp\/v2\/types\/page"}],"author":[{"embeddable":true,"href":"https:\/\/herster.pl\/de\/wp-json\/wp\/v2\/users\/1"}],"replies":[{"embeddable":true,"href":"https:\/\/herster.pl\/de\/wp-json\/wp\/v2\/comments?post=404"}],"version-history":[{"count":15,"href":"https:\/\/herster.pl\/de\/wp-json\/wp\/v2\/pages\/404\/revisions"}],"predecessor-version":[{"id":2393,"href":"https:\/\/herster.pl\/de\/wp-json\/wp\/v2\/pages\/404\/revisions\/2393"}],"wp:attachment":[{"href":"https:\/\/herster.pl\/de\/wp-json\/wp\/v2\/media?parent=404"}],"curies":[{"name":"wp","href":"https:\/\/api.w.org\/{rel}","templated":true}]}}