{"id":2400,"date":"2024-10-08T10:28:32","date_gmt":"2024-10-08T10:28:32","guid":{"rendered":"https:\/\/herster.pl\/?page_id=2400"},"modified":"2024-10-08T12:09:40","modified_gmt":"2024-10-08T12:09:40","slug":"audits-und-personalberatung","status":"publish","type":"page","link":"https:\/\/herster.pl\/de\/audits-und-personalberatung\/","title":{"rendered":"Audits und Personalberatung"},"content":{"rendered":"\n<p>Wir f\u00fchren Audits, Schulungen durch und beraten in den folgenden Bereichen:<\/p>\n\n\n\n<ul class=\"wp-block-list\">\n<li>Legalisierung des Aufenthalts und der Arbeitserlaubnis von Ausl\u00e4ndern in Polen<\/li>\n\n\n\n<li>\u00dcberpr\u00fcfung der Besch\u00e4ftigungskosten<\/li>\n\n\n\n<li>KPI-Indikatoren<\/li>\n\n\n\n<li>PFRON-Kosten (Staatlicher Fonds zur Rehabilitation von Menschen mit Behinderungen)PFRON<\/li>\n\n\n\n<li>Rekrutierung und Personalauswahl<\/li>\n\n\n\n<li>Outplacement<\/li>\n\n\n\n<li>Auswahl des geeigneten Gesch\u00e4ftsmodells zur Zusammenarbeit mit Personaldienstleistern<\/li>\n\n\n\n<li>Gestaltung der Personalpolitik des Unternehmens<\/li>\n\n\n\n<li>Weitere Bereiche im HR-Bereich<\/li>\n<\/ul>\n\n\n\n<p><\/p>\n","protected":false},"excerpt":{"rendered":"<p>Wir f\u00fchren Audits, Schulungen durch und beraten in den folgenden Bereichen:<\/p>\n","protected":false},"author":1,"featured_media":0,"parent":0,"menu_order":0,"comment_status":"closed","ping_status":"closed","template":"page-template\/about-us-page.php","meta":{"site-sidebar-layout":"default","site-content-layout":"","ast-site-content-layout":"default","site-content-style":"default","site-sidebar-style":"default","ast-global-header-display":"","ast-banner-title-visibility":"","ast-main-header-display":"","ast-hfb-above-header-display":"","ast-hfb-below-header-display":"","ast-hfb-mobile-header-display":"","site-post-title":"","ast-breadcrumbs-content":"","ast-featured-img":"","footer-sml-layout":"","theme-transparent-header-meta":"","adv-header-id-meta":"","stick-header-meta":"","header-above-stick-meta":"","header-main-stick-meta":"","header-below-stick-meta":"","astra-migrate-meta-layouts":"set","ast-page-background-enabled":"default","ast-page-background-meta":{"desktop":{"background-color":"var(--ast-global-color-4)","background-image":"","background-repeat":"repeat","background-position":"center center","background-size":"auto","background-attachment":"scroll","background-type":"","background-media":"","overlay-type":"","overlay-color":"","overlay-opacity":"","overlay-gradient":""},"tablet":{"background-color":"","background-image":"","background-repeat":"repeat","background-position":"center center","background-size":"auto","background-attachment":"scroll","background-type":"","background-media":"","overlay-type":"","overlay-color":"","overlay-opacity":"","overlay-gradient":""},"mobile":{"background-color":"","background-image":"","background-repeat":"repeat","background-position":"center center","background-size":"auto","background-attachment":"scroll","background-type":"","background-media":"","overlay-type":"","overlay-color":"","overlay-opacity":"","overlay-gradient":""}},"ast-content-background-meta":{"desktop":{"background-color":"var(--ast-global-color-5)","background-image":"","background-repeat":"repeat","background-position":"center center","background-size":"auto","background-attachment":"scroll","background-type":"","background-media":"","overlay-type":"","overlay-color":"","overlay-opacity":"","overlay-gradient":""},"tablet":{"background-color":"var(--ast-global-color-5)","background-image":"","background-repeat":"repeat","background-position":"center center","background-size":"auto","background-attachment":"scroll","background-type":"","background-media":"","overlay-type":"","overlay-color":"","overlay-opacity":"","overlay-gradient":""},"mobile":{"background-color":"var(--ast-global-color-5)","background-image":"","background-repeat":"repeat","background-position":"center center","background-size":"auto","background-attachment":"scroll","background-type":"","background-media":"","overlay-type":"","overlay-color":"","overlay-opacity":"","overlay-gradient":""}},"footnotes":""},"class_list":["post-2400","page","type-page","status-publish","hentry"],"acf":[],"_links":{"self":[{"href":"https:\/\/herster.pl\/de\/wp-json\/wp\/v2\/pages\/2400"}],"collection":[{"href":"https:\/\/herster.pl\/de\/wp-json\/wp\/v2\/pages"}],"about":[{"href":"https:\/\/herster.pl\/de\/wp-json\/wp\/v2\/types\/page"}],"author":[{"embeddable":true,"href":"https:\/\/herster.pl\/de\/wp-json\/wp\/v2\/users\/1"}],"replies":[{"embeddable":true,"href":"https:\/\/herster.pl\/de\/wp-json\/wp\/v2\/comments?post=2400"}],"version-history":[{"count":2,"href":"https:\/\/herster.pl\/de\/wp-json\/wp\/v2\/pages\/2400\/revisions"}],"predecessor-version":[{"id":2516,"href":"https:\/\/herster.pl\/de\/wp-json\/wp\/v2\/pages\/2400\/revisions\/2516"}],"wp:attachment":[{"href":"https:\/\/herster.pl\/de\/wp-json\/wp\/v2\/media?parent=2400"}],"curies":[{"name":"wp","href":"https:\/\/api.w.org\/{rel}","templated":true}]}}