{"id":2131,"date":"2024-02-26T14:06:34","date_gmt":"2024-02-26T14:06:34","guid":{"rendered":"https:\/\/herster.pl\/najczesciej-zadawane-pytania-przez-pracodawcow\/"},"modified":"2024-10-08T05:52:00","modified_gmt":"2024-10-08T05:52:00","slug":"haufig-gestellte-fragen-von-arbeitgebern","status":"publish","type":"page","link":"https:\/\/herster.pl\/de\/haufig-gestellte-fragen-von-arbeitgebern\/","title":{"rendered":"H\u00e4ufig gestellte Fragen von Arbeitgebern"},"content":{"rendered":"\n<p>Hier finden Sie die am h\u00e4ufigsten gestellten Fragen unserer Kunden mit ausf\u00fchrlichen Antworten.<\/p>\n\n\n\n<p>Wir m\u00f6chten alle Unklarheiten beseitigen und unklare Fragen kl\u00e4ren. Unser Ziel ist es, Transparenz zu gew\u00e4hrleisten und Ihnen alle Informationen zur Verf\u00fcgung zu stellen, die Ihnen bei der Entscheidung f\u00fcr eine Zusammenarbeit mit uns helfen<\/p>\n","protected":false},"excerpt":{"rendered":"<p>Hier finden Sie die am h\u00e4ufigsten gestellten Fragen unserer Kunden mit ausf\u00fchrlichen Antworten. Wir m\u00f6chten alle Unklarheiten beseitigen und unklare Fragen kl\u00e4ren. Unser Ziel ist es, Transparenz zu gew\u00e4hrleisten und Ihnen alle Informationen zur Verf\u00fcgung zu stellen, die Ihnen bei der Entscheidung f\u00fcr eine Zusammenarbeit mit uns helfen<\/p>\n","protected":false},"author":1,"featured_media":0,"parent":0,"menu_order":0,"comment_status":"closed","ping_status":"closed","template":"page-template\/faq-page.php","meta":{"site-sidebar-layout":"default","site-content-layout":"","ast-site-content-layout":"default","site-content-style":"default","site-sidebar-style":"default","ast-global-header-display":"","ast-banner-title-visibility":"","ast-main-header-display":"","ast-hfb-above-header-display":"","ast-hfb-below-header-display":"","ast-hfb-mobile-header-display":"","site-post-title":"","ast-breadcrumbs-content":"","ast-featured-img":"","footer-sml-layout":"","theme-transparent-header-meta":"","adv-header-id-meta":"","stick-header-meta":"","header-above-stick-meta":"","header-main-stick-meta":"","header-below-stick-meta":"","astra-migrate-meta-layouts":"set","ast-page-background-enabled":"default","ast-page-background-meta":{"desktop":{"background-color":"var(--ast-global-color-4)","background-image":"","background-repeat":"repeat","background-position":"center center","background-size":"auto","background-attachment":"scroll","background-type":"","background-media":"","overlay-type":"","overlay-color":"","overlay-opacity":"","overlay-gradient":""},"tablet":{"background-color":"","background-image":"","background-repeat":"repeat","background-position":"center center","background-size":"auto","background-attachment":"scroll","background-type":"","background-media":"","overlay-type":"","overlay-color":"","overlay-opacity":"","overlay-gradient":""},"mobile":{"background-color":"","background-image":"","background-repeat":"repeat","background-position":"center center","background-size":"auto","background-attachment":"scroll","background-type":"","background-media":"","overlay-type":"","overlay-color":"","overlay-opacity":"","overlay-gradient":""}},"ast-content-background-meta":{"desktop":{"background-color":"var(--ast-global-color-5)","background-image":"","background-repeat":"repeat","background-position":"center center","background-size":"auto","background-attachment":"scroll","background-type":"","background-media":"","overlay-type":"","overlay-color":"","overlay-opacity":"","overlay-gradient":""},"tablet":{"background-color":"var(--ast-global-color-5)","background-image":"","background-repeat":"repeat","background-position":"center center","background-size":"auto","background-attachment":"scroll","background-type":"","background-media":"","overlay-type":"","overlay-color":"","overlay-opacity":"","overlay-gradient":""},"mobile":{"background-color":"var(--ast-global-color-5)","background-image":"","background-repeat":"repeat","background-position":"center center","background-size":"auto","background-attachment":"scroll","background-type":"","background-media":"","overlay-type":"","overlay-color":"","overlay-opacity":"","overlay-gradient":""}},"footnotes":""},"class_list":["post-2131","page","type-page","status-publish","hentry"],"acf":[],"_links":{"self":[{"href":"https:\/\/herster.pl\/de\/wp-json\/wp\/v2\/pages\/2131"}],"collection":[{"href":"https:\/\/herster.pl\/de\/wp-json\/wp\/v2\/pages"}],"about":[{"href":"https:\/\/herster.pl\/de\/wp-json\/wp\/v2\/types\/page"}],"author":[{"embeddable":true,"href":"https:\/\/herster.pl\/de\/wp-json\/wp\/v2\/users\/1"}],"replies":[{"embeddable":true,"href":"https:\/\/herster.pl\/de\/wp-json\/wp\/v2\/comments?post=2131"}],"version-history":[{"count":2,"href":"https:\/\/herster.pl\/de\/wp-json\/wp\/v2\/pages\/2131\/revisions"}],"predecessor-version":[{"id":2134,"href":"https:\/\/herster.pl\/de\/wp-json\/wp\/v2\/pages\/2131\/revisions\/2134"}],"wp:attachment":[{"href":"https:\/\/herster.pl\/de\/wp-json\/wp\/v2\/media?parent=2131"}],"curies":[{"name":"wp","href":"https:\/\/api.w.org\/{rel}","templated":true}]}}