{"id":1996,"date":"2024-02-22T09:48:13","date_gmt":"2024-02-22T09:48:13","guid":{"rendered":"https:\/\/herster.pl\/czesto-zadawane-pytania\/"},"modified":"2024-10-06T19:18:06","modified_gmt":"2024-10-06T19:18:06","slug":"haufig-gestellte-fragen-von-mitarbeitern","status":"publish","type":"page","link":"https:\/\/herster.pl\/de\/haufig-gestellte-fragen-von-mitarbeitern\/","title":{"rendered":"H\u00e4ufig gestellte Fragen von Mitarbeitern"},"content":{"rendered":"\n<p>Wir haben hier die am h\u00e4ufigsten gestellten Fragen unserer Mitarbeiter mit vollst\u00e4ndigen Antworten zusammengestellt.<\/p>\n\n\n\n<p>Unser Ziel ist es, alle Zweifel auszur\u00e4umen und Unklarheiten zu kl\u00e4ren. Wir streben nach Transparenz und m\u00f6chten Ihnen alle Informationen liefern, um Ihnen die Entscheidung zur Zusammenarbeit mit uns zu erleichtern.<\/p>\n","protected":false},"excerpt":{"rendered":"<p>Wir haben hier die am h\u00e4ufigsten gestellten Fragen unserer Mitarbeiter mit vollst\u00e4ndigen Antworten zusammengestellt. Unser Ziel ist es, alle Zweifel auszur\u00e4umen und Unklarheiten zu kl\u00e4ren. Wir streben nach Transparenz und m\u00f6chten Ihnen alle Informationen liefern, um Ihnen die Entscheidung zur Zusammenarbeit mit uns zu erleichtern.<\/p>\n","protected":false},"author":1,"featured_media":0,"parent":0,"menu_order":0,"comment_status":"closed","ping_status":"closed","template":"page-template\/faq-page.php","meta":{"site-sidebar-layout":"default","site-content-layout":"","ast-site-content-layout":"default","site-content-style":"default","site-sidebar-style":"default","ast-global-header-display":"","ast-banner-title-visibility":"","ast-main-header-display":"","ast-hfb-above-header-display":"","ast-hfb-below-header-display":"","ast-hfb-mobile-header-display":"","site-post-title":"","ast-breadcrumbs-content":"","ast-featured-img":"","footer-sml-layout":"","theme-transparent-header-meta":"","adv-header-id-meta":"","stick-header-meta":"","header-above-stick-meta":"","header-main-stick-meta":"","header-below-stick-meta":"","astra-migrate-meta-layouts":"set","ast-page-background-enabled":"default","ast-page-background-meta":{"desktop":{"background-color":"var(--ast-global-color-4)","background-image":"","background-repeat":"repeat","background-position":"center center","background-size":"auto","background-attachment":"scroll","background-type":"","background-media":"","overlay-type":"","overlay-color":"","overlay-opacity":"","overlay-gradient":""},"tablet":{"background-color":"","background-image":"","background-repeat":"repeat","background-position":"center center","background-size":"auto","background-attachment":"scroll","background-type":"","background-media":"","overlay-type":"","overlay-color":"","overlay-opacity":"","overlay-gradient":""},"mobile":{"background-color":"","background-image":"","background-repeat":"repeat","background-position":"center center","background-size":"auto","background-attachment":"scroll","background-type":"","background-media":"","overlay-type":"","overlay-color":"","overlay-opacity":"","overlay-gradient":""}},"ast-content-background-meta":{"desktop":{"background-color":"var(--ast-global-color-5)","background-image":"","background-repeat":"repeat","background-position":"center center","background-size":"auto","background-attachment":"scroll","background-type":"","background-media":"","overlay-type":"","overlay-color":"","overlay-opacity":"","overlay-gradient":""},"tablet":{"background-color":"var(--ast-global-color-5)","background-image":"","background-repeat":"repeat","background-position":"center center","background-size":"auto","background-attachment":"scroll","background-type":"","background-media":"","overlay-type":"","overlay-color":"","overlay-opacity":"","overlay-gradient":""},"mobile":{"background-color":"var(--ast-global-color-5)","background-image":"","background-repeat":"repeat","background-position":"center center","background-size":"auto","background-attachment":"scroll","background-type":"","background-media":"","overlay-type":"","overlay-color":"","overlay-opacity":"","overlay-gradient":""}},"footnotes":""},"class_list":["post-1996","page","type-page","status-publish","hentry"],"acf":[],"_links":{"self":[{"href":"https:\/\/herster.pl\/de\/wp-json\/wp\/v2\/pages\/1996"}],"collection":[{"href":"https:\/\/herster.pl\/de\/wp-json\/wp\/v2\/pages"}],"about":[{"href":"https:\/\/herster.pl\/de\/wp-json\/wp\/v2\/types\/page"}],"author":[{"embeddable":true,"href":"https:\/\/herster.pl\/de\/wp-json\/wp\/v2\/users\/1"}],"replies":[{"embeddable":true,"href":"https:\/\/herster.pl\/de\/wp-json\/wp\/v2\/comments?post=1996"}],"version-history":[{"count":2,"href":"https:\/\/herster.pl\/de\/wp-json\/wp\/v2\/pages\/1996\/revisions"}],"predecessor-version":[{"id":2006,"href":"https:\/\/herster.pl\/de\/wp-json\/wp\/v2\/pages\/1996\/revisions\/2006"}],"wp:attachment":[{"href":"https:\/\/herster.pl\/de\/wp-json\/wp\/v2\/media?parent=1996"}],"curies":[{"name":"wp","href":"https:\/\/api.w.org\/{rel}","templated":true}]}}