{"id":1000,"date":"2023-12-21T20:26:29","date_gmt":"2023-12-21T20:26:29","guid":{"rendered":"https:\/\/herster.pl\/?page_id=1000"},"modified":"2024-10-08T11:19:28","modified_gmt":"2024-10-08T11:19:28","slug":"legalisierung-des-aufenthalts-und-der-arbeit-von-auslaendern","status":"publish","type":"page","link":"https:\/\/herster.pl\/de\/legalisierung-des-aufenthalts-und-der-arbeit-von-auslaendern\/","title":{"rendered":"Legalisierung des Aufenthalts und der Arbeit von Ausl\u00e4ndern"},"content":{"rendered":"\n<p>Seit 2017 unterst\u00fctzt HERSTER sowohl Arbeitgeber, die Ausl\u00e4nder besch\u00e4ftigen, als auch die Ausl\u00e4nder selbst verantwortungsvoll dabei, einen legalen Aufenthalt und legale Arbeit in Polen zu erlangen. Wir legalisieren sowohl Mitarbeiter aus Asien, S\u00fcdamerika, dem Nahen Osten als auch aus L\u00e4ndern, die einem vereinfachten Legalisierungsverfahren unterliegen.<\/p>\n\n\n\n<p><\/p>\n","protected":false},"excerpt":{"rendered":"<p>Seit 2017 unterst\u00fctzt HERSTER sowohl Arbeitgeber, die Ausl\u00e4nder besch\u00e4ftigen, als auch die Ausl\u00e4nder selbst verantwortungsvoll dabei, einen legalen Aufenthalt und legale Arbeit in Polen zu erlangen. Wir legalisieren sowohl Mitarbeiter aus Asien, S\u00fcdamerika, dem Nahen Osten als auch aus L\u00e4ndern, die einem vereinfachten Legalisierungsverfahren unterliegen.<\/p>\n","protected":false},"author":1,"featured_media":0,"parent":0,"menu_order":0,"comment_status":"closed","ping_status":"closed","template":"page-template\/about-us-page.php","meta":{"site-sidebar-layout":"default","site-content-layout":"","ast-site-content-layout":"default","site-content-style":"default","site-sidebar-style":"default","ast-global-header-display":"","ast-banner-title-visibility":"","ast-main-header-display":"","ast-hfb-above-header-display":"","ast-hfb-below-header-display":"","ast-hfb-mobile-header-display":"","site-post-title":"","ast-breadcrumbs-content":"","ast-featured-img":"","footer-sml-layout":"","theme-transparent-header-meta":"","adv-header-id-meta":"","stick-header-meta":"","header-above-stick-meta":"","header-main-stick-meta":"","header-below-stick-meta":"","astra-migrate-meta-layouts":"set","ast-page-background-enabled":"default","ast-page-background-meta":{"desktop":{"background-color":"var(--ast-global-color-4)","background-image":"","background-repeat":"repeat","background-position":"center center","background-size":"auto","background-attachment":"scroll","background-type":"","background-media":"","overlay-type":"","overlay-color":"","overlay-opacity":"","overlay-gradient":""},"tablet":{"background-color":"","background-image":"","background-repeat":"repeat","background-position":"center center","background-size":"auto","background-attachment":"scroll","background-type":"","background-media":"","overlay-type":"","overlay-color":"","overlay-opacity":"","overlay-gradient":""},"mobile":{"background-color":"","background-image":"","background-repeat":"repeat","background-position":"center center","background-size":"auto","background-attachment":"scroll","background-type":"","background-media":"","overlay-type":"","overlay-color":"","overlay-opacity":"","overlay-gradient":""}},"ast-content-background-meta":{"desktop":{"background-color":"var(--ast-global-color-5)","background-image":"","background-repeat":"repeat","background-position":"center center","background-size":"auto","background-attachment":"scroll","background-type":"","background-media":"","overlay-type":"","overlay-color":"","overlay-opacity":"","overlay-gradient":""},"tablet":{"background-color":"var(--ast-global-color-5)","background-image":"","background-repeat":"repeat","background-position":"center center","background-size":"auto","background-attachment":"scroll","background-type":"","background-media":"","overlay-type":"","overlay-color":"","overlay-opacity":"","overlay-gradient":""},"mobile":{"background-color":"var(--ast-global-color-5)","background-image":"","background-repeat":"repeat","background-position":"center center","background-size":"auto","background-attachment":"scroll","background-type":"","background-media":"","overlay-type":"","overlay-color":"","overlay-opacity":"","overlay-gradient":""}},"footnotes":""},"class_list":["post-1000","page","type-page","status-publish","hentry"],"acf":[],"_links":{"self":[{"href":"https:\/\/herster.pl\/de\/wp-json\/wp\/v2\/pages\/1000"}],"collection":[{"href":"https:\/\/herster.pl\/de\/wp-json\/wp\/v2\/pages"}],"about":[{"href":"https:\/\/herster.pl\/de\/wp-json\/wp\/v2\/types\/page"}],"author":[{"embeddable":true,"href":"https:\/\/herster.pl\/de\/wp-json\/wp\/v2\/users\/1"}],"replies":[{"embeddable":true,"href":"https:\/\/herster.pl\/de\/wp-json\/wp\/v2\/comments?post=1000"}],"version-history":[{"count":6,"href":"https:\/\/herster.pl\/de\/wp-json\/wp\/v2\/pages\/1000\/revisions"}],"predecessor-version":[{"id":2434,"href":"https:\/\/herster.pl\/de\/wp-json\/wp\/v2\/pages\/1000\/revisions\/2434"}],"wp:attachment":[{"href":"https:\/\/herster.pl\/de\/wp-json\/wp\/v2\/media?parent=1000"}],"curies":[{"name":"wp","href":"https:\/\/api.w.org\/{rel}","templated":true}]}}